{"id":3251,"date":"2025-08-12T17:54:10","date_gmt":"2025-08-12T15:54:10","guid":{"rendered":"https:\/\/proffshop.eu\/izdelek\/mens-hoodie-jojo72-large-logo\/"},"modified":"2025-08-26T21:49:57","modified_gmt":"2025-08-26T19:49:57","slug":"mens-hoodie-jojo72-large-logo","status":"publish","type":"product","link":"https:\/\/proffshop.eu\/en\/product\/mens-hoodie-jojo72-large-logo\/","title":{"rendered":"Men&#8217;s Hoodie Jojo72 (Large Logo)"},"content":{"rendered":"<p>Pulover je izdelan iz visokokakovostne tkanine, 85% \u010desanega, &#8220;ring-spun&#8221; organskega bomba\u017ea in ima 2-slojno kapuco z vrvico in plasti\u010dnim zama\u0161kom za vrvico.<\/p>\n<p>Konci rokavov so zaklju\u010deni z elastanom.<\/p>\n<p>Barva: \u017ead zelena, svetlo modra, ne\u017eno siva<\/p>\n<p><strong>Pred naro\u010dilom preverite velikosti.<\/strong><\/p>\n","protected":false},"excerpt":{"rendered":"<p>Elegant, slightly oversized fashion hoodie with a minimalist design featuring a large Jojo72 logo (23 cm) on the chest.<\/p>\n<p>The hoodie is made of high-quality fabric, 85% combed, ring-spun organic cotton and has a 2-layer hood with drawstring and plastic drawstring stopper.<\/p>\n<p>The sleeve ends are finished with elastane.<\/p>\n<p>Color: jade green, light blue, soft gray<\/p>\n<p><strong>Please check sizes before ordering.<\/strong><\/p>\n","protected":false},"featured_media":1815,"comment_status":"open","ping_status":"closed","template":"","meta":{"_acf_changed":false,"inline_featured_image":false},"product_brand":[],"product_cat":[180,179],"product_tag":[],"class_list":{"0":"post-3251","1":"product","2":"type-product","3":"status-publish","4":"has-post-thumbnail","6":"product_cat-clothing","7":"product_cat-jojo72-en","8":"post","9":"ws-product--style-1","11":"first","12":"instock","13":"taxable","14":"shipping-taxable","15":"purchasable","16":"product-type-variable","17":"has-default-attributes"},"acf":[],"_links":{"self":[{"href":"https:\/\/proffshop.eu\/en\/wp-json\/wp\/v2\/product\/3251","targetHints":{"allow":["GET"]}}],"collection":[{"href":"https:\/\/proffshop.eu\/en\/wp-json\/wp\/v2\/product"}],"about":[{"href":"https:\/\/proffshop.eu\/en\/wp-json\/wp\/v2\/types\/product"}],"replies":[{"embeddable":true,"href":"https:\/\/proffshop.eu\/en\/wp-json\/wp\/v2\/comments?post=3251"}],"wp:featuredmedia":[{"embeddable":true,"href":"https:\/\/proffshop.eu\/en\/wp-json\/wp\/v2\/media\/1815"}],"wp:attachment":[{"href":"https:\/\/proffshop.eu\/en\/wp-json\/wp\/v2\/media?parent=3251"}],"wp:term":[{"taxonomy":"product_brand","embeddable":true,"href":"https:\/\/proffshop.eu\/en\/wp-json\/wp\/v2\/product_brand?post=3251"},{"taxonomy":"product_cat","embeddable":true,"href":"https:\/\/proffshop.eu\/en\/wp-json\/wp\/v2\/product_cat?post=3251"},{"taxonomy":"product_tag","embeddable":true,"href":"https:\/\/proffshop.eu\/en\/wp-json\/wp\/v2\/product_tag?post=3251"}],"curies":[{"name":"wp","href":"https:\/\/api.w.org\/{rel}","templated":true}]}}