{"id":2968,"date":"2025-08-19T11:30:26","date_gmt":"2025-08-19T09:30:26","guid":{"rendered":"https:\/\/proffshop.eu\/condizioni-generali-di-contratto\/"},"modified":"2025-08-26T21:47:44","modified_gmt":"2025-08-26T19:47:44","slug":"condizioni-generali-di-contratto","status":"publish","type":"page","link":"https:\/\/proffshop.eu\/it\/condizioni-generali-di-contratto\/","title":{"rendered":"Condizioni generali di contratto"},"content":{"rendered":"\n<h4 class=\"wp-block-heading\">FORNITORE DEI PRODOTTI SUL SITO WEB<\/h4>\n\n<p>I prodotti sul sito web <a href=\"http:\/\/www.proffshop.eu\/\">www.proffshop.eu<\/a> sono venduti da PROFFSHOP, trgovina d.o.o. Vi consigliamo di leggere attentamente le <strong>Condizioni generali<\/strong> e l&#8217;<strong><u><a href=\"https:\/\/www.proffshop.eu\/politika-zasebnosti\/\">Informativa sulla privacy e protezione dei dati<\/a><\/u><\/strong> prima di utilizzare il sito del negozio online.<\/p>\n\n<h4 class=\"wp-block-heading\">PREZZI, MODALIT\u00c0 DI PAGAMENTO E SPEDIZIONE<\/h4>\n\n<p>Tutti i prezzi indicati dei singoli prodotti sono espressi in Euro (EUR) e includono l&#8217;IVA del 9,5% o del 22%. I prezzi sono validi dal 10.  4. 2022 fino a revoca.<\/p>\n\n<p>La spedizione in Slovenia viene effettuata tramite Po\u0161ta Slovenija, mentre la spedizione nell&#8217;UE viene effettuata tramite UPS.<\/p>\n\n<h4 class=\"wp-block-heading\">PROCEDURA DI ACCETTAZIONE DEGLI ORDINI E MODALIT\u00c0 DI PAGAMENTO<\/h4>\n\n<h5 class=\"wp-block-heading\">Pagamento tramite proforma<\/h5>\n\n<p>SLOVENIA: Il costo di spedizione \u00e8 di 4,99 \u20ac per tutti gli ordini fino a 40,00 \u20ac. Per l&#8217;acquisto di prodotti superiori a 40,00 \u20ac, la spedizione \u00e8 gratuita. <\/p>\n\n<p>PAESI UE: Il costo di spedizione \u00e8 di 12,99 \u20ac per tutti gli ordini fino a 70,00 \u20ac. Per l&#8217;acquisto di prodotti superiori a 70,00 \u20ac, la spedizione \u00e8 gratuita. <\/p>\n\n<p>Non siamo responsabili per indirizzi indicati in modo errato.<\/p>\n\n<p>Tutti gli ordini vengono spediti entro 2-4 giorni lavorativi, durante le vacanze ci riserviamo il diritto di prolungare il termine fino a un massimo di 20 giorni.<\/p>\n\n<h5 class=\"wp-block-heading\">Pagamento con carta di credito<\/h5>\n\n<p>SLOVENIA: Il costo di spedizione \u00e8 di 4,99 \u20ac per tutti gli ordini fino a 40,00 \u20ac. Per l&#8217;acquisto di prodotti superiori a 40,00 \u20ac, la spedizione \u00e8 gratuita. <\/p>\n\n<p>PAESI UE: Il costo di spedizione \u00e8 di 12,99 \u20ac per tutti gli ordini fino a 70,00 \u20ac. Per l&#8217;acquisto di prodotti superiori a 70,00 \u20ac, la spedizione \u00e8 gratuita. <\/p>\n\n<p>Non siamo responsabili per indirizzi indicati in modo errato.<\/p>\n\n<p>Tutti gli ordini vengono spediti entro 2-4 giorni lavorativi, durante le vacanze ci riserviamo il diritto di prolungare il termine fino a un massimo di 20 giorni.<\/p>\n\n<h5 class=\"wp-block-heading\">Conferma d&#8217;acquisto<\/h5>\n\n<p>Riceverai una conferma d&#8217;acquisto al tuo indirizzo e-mail e, dopo aver ricevuto il pagamento sul nostro conto corrente bancario, consegneremo i prodotti all&#8217;indirizzo selezionato insieme alla fattura. In caso di ulteriori informazioni relative al tuo acquisto, fai riferimento al numero di riferimento dell&#8217;ordine ovvero al riferimento che trovi nella conferma d&#8217;acquisto ricevuta. <\/p>\n\n<p>In caso di domande relative all&#8217;acquisto o alla consegna dei nostri prodotti, siamo a tua disposizione all&#8217;indirizzo e-mail: <a href=\"mailto:sales@proffshop.eu\">sales@proffshop.eu<\/a><\/p>\n\n<p>Operiamo per i clienti previo accordo.<\/p>\n\n<h4 class=\"wp-block-heading\">PROCEDURA DI ACQUISTO DEI PRODOTTI<\/h4>\n\n<p>Quando accedi alla home page <a href=\"http:\/\/www.proffshop.eu\/\">www.proffshop.eu<\/a>, ti verr\u00e0 mostrato un elenco dei prodotti pi\u00f9 interessanti e venduti dal nostro negozio online. Nel caso in cui desideri maggiori informazioni su un prodotto presente nella nostra offerta, clicca sull&#8217;immagine del prodotto (nella prima pagina), dopodich\u00e9 si aprir\u00e0 la relativa sottopagina con la descrizione del prodotto e la possibilit\u00e0 di ordinarlo. <\/p>\n\n<h4 class=\"wp-block-heading\">COME ORDINARE I PRODOTTI DESIDERATI?<\/h4>\n\n<p>Accanto a ogni immagine del prodotto c&#8217;\u00e8 anche la scritta <strong>&#8220;Aggiungi al carrello&#8221;<\/strong>. Se desideri ordinare un prodotto, clicca semplicemente su <strong>\u201c<\/strong><strong>Aggiungi al carrello\u201d<\/strong>. Nel momento in cui il prodotto \u00e8 stato aggiunto con successo al carrello, nella barra degli strumenti verde in alto, accanto all&#8217;icona del &#8220;carrello&#8221;, vedi anche la scritta <strong>Il tuo carrello<\/strong> e accanto c&#8217;\u00e8 anche l&#8217;importo del tuo ordine. Se desideri continuare a fare acquisti nel nostro negozio online, continua semplicemente a sfogliare i prodotti e aggiungi al carrello quello che hai deciso di acquistare cliccando su <strong>&#8220;Aggiungi al carrello&#8221;<\/strong>.   <\/p>\n\n<p>Quando avrai tutti i prodotti desiderati nel carrello, <strong>clicca su Il tuo carrello nella barra degli strumenti verde in alto<\/strong> e ti verr\u00e0 mostrato l&#8217;intero contenuto del carrello.<\/p>\n\n<p>Se desideri <em><strong>rimuovere un determinato prodotto<\/strong><\/em> dal carrello, clicca semplicemente sulla <strong>&#8220;x rossa&#8221;<\/strong> accanto all&#8217;immagine del prodotto ordinato, che si trova ancora nel carrello. Quando rimuoverai il prodotto, il carrello si aggiorner\u00e0 automaticamente. <\/p>\n\n<p>Se desideri ordinare invece di uno, due o pi\u00f9 pezzi di un determinato prodotto, <strong>aggiorna il carrello<\/strong> cliccando su <strong>&#8220;Quantit\u00e0&#8221;<\/strong> su <strong>+\/-<\/strong> e in questo modo aumenta o diminuisci la quantit\u00e0. Dopo aver aumentato o diminuito la quantit\u00e0, clicca su &#8220;Aggiorna carrello&#8221; per aggiornare il carrello alla nuova quantit\u00e0. <\/p>\n\n<p>Dopo aver esaminato l&#8217;intero contenuto del carrello e aver scelto il metodo di spedizione (hai solo la possibilit\u00e0 di pagare tramite proforma), clicca su <strong>&#8220;Vai all&#8217;ordine&#8221;<\/strong>.<\/p>\n\n<p>Il sistema ti porter\u00e0 alla pagina web <strong>&#8220;Ordine&#8221;<\/strong>, dove compilerai i <strong>Dettagli dell&#8217;ordinante<\/strong>. Se desideri la consegna a un altro indirizzo, compila la sezione <strong>&#8220;Spedisci a un altro indirizzo&#8221;<\/strong> <\/p>\n\n<p>Scegli il metodo di pagamento. Sono disponibili <strong>Pagamento tramite proforma, Pagamento con carta di credito<\/strong>, <strong>PayPal<\/strong>. <\/p>\n\n<p>Nel caso in cui <strong>il tuo ordine superi i 40,00 \u20ac (per la Slovenia) ovvero i 70,00 \u20ac (per l&#8217;UE) <\/strong>, nella sezione &#8220;Spedizione&#8221; apparir\u00e0 Spedizione gratuita, che dovrai selezionare.<\/p>\n\n<p>Prima di completare l&#8217;ordine, leggi obbligatoriamente le <strong>Condizioni di contratto<\/strong> e, dopo averle lette, spunta <strong>&#8220;Accetto le Condizioni di contratto e mi impegno al pagamento.&#8221;<\/strong> e poi clicca su <strong>&#8220;Completa l&#8217;acquisto&#8221;<\/strong>.<\/p>\n\n<p>Pochi istanti dopo aver cliccato, riceverai un messaggio nella tua casella di posta elettronica sull&#8217;ordine effettuato: <em><strong>Il tuo ordine Proffshop.eu del x.x.xxxx<\/strong><\/em>, quindi, quando l&#8217;ordine sar\u00e0 completato, riceverai un altro messaggio: <em><strong>Il tuo ordine Proffshop.eu del x.x.xxxx \u00e8 completato<\/strong><\/em>.<\/p>\n\n<p>Per tutte le tue domande relative all&#8217;acquisto di prodotti nel nostro negozio online, siamo a tua disposizione all&#8217;indirizzo e-mail: <a href=\"mailto:sales@proffshop.eu\">sales@proffshop.eu<\/a>. Risponderemo al tuo ordine inviato nel pi\u00f9 breve tempo possibile. <\/p>\n\n<h4 class=\"wp-block-heading\">EMISSIONE DELLA FATTURA<\/h4>\n\n<figure class=\"wp-block-image\"><img decoding=\"async\" src=\"https:\/\/www.proffshop.eu\/wp-content\/uploads\/2022\/04\/davcne-blagajne-furs.jpg\" alt=\"davcne-blagajne-furs\" class=\"wp-image-366\"\/><\/figure>\n\n<p>PROFFSHOP, trgovina d.o.o. dopo il pagamento e al momento della consegna degli articoli ordinati, fornisce al cliente anche la fattura. La fattura riporta il prezzo suddiviso e tutti i costi relativi all&#8217;acquisto. Il cliente \u00e8 tenuto a verificare la correttezza dei dati prima di effettuare l&#8217;ordine.  <\/p>\n\n<h4 class=\"wp-block-heading\">CONDIZIONI DI RECESSO DAL CONTRATTO<\/h4>\n\n<p>Il cliente pu\u00f2 recedere dal contratto di acquisto dei prodotti entro 14 giorni dal ricevimento del prodotto con un messaggio scritto al fornitore e deve quindi restituire il prodotto entro ulteriori 14 giorni dal recesso dall&#8217;acquisto. In alternativa, pu\u00f2 restituire il prodotto entro 14 giorni dal ricevimento del prodotto e ci\u00f2 sar\u00e0 considerato come un messaggio di recesso dal contratto. In caso di recesso dal contratto, rimborseremo al cliente tutti i pagamenti (prezzo pagato del prodotto e spese di spedizione) entro 14 giorni dal giorno del ricevimento del recesso scritto dall&#8217;acquisto.  <\/p>\n\n<p>Se inizi a utilizzare i prodotti, ma cambi idea, perdi il diritto di recedere dal contratto. Ti suggeriamo di non aprire completamente o di non aprire affatto i prodotti per i quali, subito dopo averli ricevuti, ti accorgi che il colore, le dimensioni o una qualsiasi delle altre caratteristiche non sono come te le immaginavi, se possibile. Quando apri l&#8217;imballaggio, fai attenzione a non danneggiarlo e a conservare con cura l&#8217;imballaggio, compreso tutto il contenuto che proteggeva il tuo prodotto e i singoli accessori. In questo modo, i tuoi costi in caso di restituzione saranno inferiori.   <\/p>\n\n<p>Nel caso in cui i prodotti restituiti siano danneggiati e in quantit\u00e0 alterata, ti addebiteremo un risarcimento adeguato, che sar\u00e0 valutato con verbale al momento della restituzione. Valuteremo professionalmente i costi indicati ovvero il valore inferiore dei prodotti restituiti entro 3 giorni dalla restituzione e ti informeremo entro 5 giorni. (Il risarcimento sar\u00e0 addebitato per almeno il 30% del prezzo di acquisto). Allega alla restituzione una copia della fattura e il certificato di garanzia.   <\/p>\n\n<p>Invia il prodotto non danneggiato nella stessa quantit\u00e0 e nella confezione originale (allega obbligatoriamente la fattura) al seguente indirizzo:<\/p>\n\n<p><strong>PROFFSHOP, trgovina d.o.o.<br\/>Cesta na Klanec 8B<br\/>4000 Kranj<\/strong><\/p>\n\n<p>con la dicitura \u201crestituzione\u201d. Le spese di spedizione per la restituzione sono a carico del cliente. Le restituzioni saranno risolte entro cinque giorni lavorativi dal ricevimento del reclamo.  <\/p>\n\n<p>Il contratto di acquisto \u00e8 conservato presso la sede dell&#8217;azienda. L&#8217;accesso allo stesso \u00e8 possibile con una visita personale presso la sede dell&#8217;azienda. <\/p>\n\n<h4 class=\"wp-block-heading\">TERMINE PER LA SPEDIZIONE<\/h4>\n\n<p>Per i prodotti in magazzino, il termine per la spedizione della merce \u00e8 di 2-4 giorni lavorativi dopo la conferma dell&#8217;ordine. Negli altri casi, fino a 14 giorni, salvo nei casi in cui ci\u00f2 sia specificamente indicato con lo stato di consegna. Per i prodotti che non abbiamo in magazzino, il termine di consegna \u00e8 di 30 giorni dal ricevimento dell&#8217;ordine. In caso di un termine di consegna pi\u00f9 lungo, ti informeremo del termine di consegna tramite e-mail o telefono.   <\/p>\n\n<h4 class=\"wp-block-heading\">PROTEZIONE DEI DATI PERSONALI<\/h4>\n\n<p>In base all&#8217;articolo della Legge sulla protezione dei dati personali (GU RS, 86\/04 e 113\/05), il gestore del negozio online si impegna a proteggere permanentemente tutti i dati personali e li utilizzer\u00e0 esclusivamente per l&#8217;esecuzione dell&#8217;ordine e per le altre comunicazioni necessarie. I dati dell&#8217;utente non saranno in alcun caso trasmessi a persone non autorizzate o a terzi. L&#8217;utente \u00e8 responsabile anche della protezione dei dati personali.  <\/p>\n\n<p>I dati personali ottenuti dai clienti sul sito web <a href=\"http:\/\/www.proffshop.eu\/\">www.proffshop.eu<\/a> sono protetti e non saranno trasmessi a terzi senza il loro consenso scritto.<\/p>\n\n<p>Il gestore del sito web <a href=\"http:\/\/www.proffshop.eu\/\">www.proffshop.eu<\/a> si riserva il diritto di stabilire un contatto commerciale per risolvere eventuali ambiguit\u00e0 durante la verifica dei dati o dell&#8217;ordine ovvero per risolvere eventuali disaccordi.<\/p>\n\n<p>Maggiori informazioni sulla nostra <strong>Informativa sulla privacy e protezione dei dati<\/strong> sono disponibili <strong><u><a href=\"https:\/\/www.proffshop.eu\/politika-zasebnosti\/\">qui<\/a><\/u><\/strong>.<\/p>\n\n<h4 class=\"wp-block-heading\">INFORMAZIONI<\/h4>\n\n<p>Per ulteriori informazioni, siamo sempre a tua disposizione all&#8217;indirizzo <a href=\"mailto:sales@proffshop.eu\">sales@proffshop.eu<\/a>, dove saremo lieti di aiutarti e rispondere alle tue domande, suggerimenti e desideri.<\/p>\n\n<h4 class=\"wp-block-heading\">AVVISO LEGALE<\/h4>\n\n<p>Il negozio online PROFFSHOP.EU e tutti i dati in esso contenuti, le immagini degli articoli, gli elementi grafici e video sul sito web sono protetti e non \u00e8 consentito riprodurli o utilizzarli senza previa autorizzazione scritta.<\/p>\n\n<h4 class=\"wp-block-heading\">LIMITAZIONE DI RESPONSABILIT\u00c0<\/h4>\n\n<p>PROFFSHOP, trgovina d.o.o. si impegna al meglio per garantire l&#8217;aggiornamento e la correttezza dei dati pubblicati sulle sue pagine web. Nonostante ci\u00f2, le caratteristiche degli articoli, i tempi di consegna o il prezzo possono cambiare cos\u00ec rapidamente che PROFFSHOP, trgovina d.o.o. a volte non riesce a correggere i dati sulle pagine web. In tal caso, PROFFSHOP, trgovina d.o.o. informer\u00e0 il cliente delle modifiche e gli consentir\u00e0 di recedere dal contratto o di sostituire l&#8217;articolo ordinato.  <\/p>\n\n<h4 class=\"wp-block-heading\">ESCLUSIONE DI RESPONSABILIT\u00c0<\/h4>\n\n<p>Ci riserviamo il diritto di disabilitare il sito web o disabilitare l&#8217;accesso allo stesso a causa di problemi tecnici o di altro tipo e manutenzione, il che significa anche disabilitare o ostacolare l&#8217;uso del negozio online. In caso di problemi tecnici sul sito web, ci riserviamo il diritto di annullare gli ordini effettuati, che sono stati interessati da un errore tecnico. In caso di annullamento degli ordini, ti informeremo nel pi\u00f9 breve tempo possibile e ti informeremo sui passaggi successivi. Devi garantire una protezione adeguata delle apparecchiature (antivirus, ecc.) prima di accedere al sito web e utilizzarlo. Il cliente deve garantire un&#8217;adeguata sicurezza e riservatezza dei dati utilizzati per la registrazione sul sito web (indirizzo e-mail, password).    <\/p>\n\n<h4 class=\"wp-block-heading\">RISOLUZIONE STRAGIUDIZIALE DELLE CONTROVERSIE CON I CONSUMATORI<\/h4>\n\n<p>In conformit\u00e0 con le normative legali, non riconosciamo alcun fornitore di risoluzione stragiudiziale delle controversie con i consumatori come competente per risolvere una controversia con i consumatori che il consumatore potrebbe avviare in conformit\u00e0 con la Legge sulla risoluzione stragiudiziale delle controversie con i consumatori.<\/p>\n\n<p>PROFFSHOP, trgovina d.o.o., che come fornitore di beni e servizi consente il commercio online nell&#8217;area della Slovenia e dell&#8217;UE, pubblica sul suo sito web un collegamento elettronico alla piattaforma per la risoluzione online delle controversie con i consumatori (ODR). La piattaforma \u00e8 disponibile per i consumatori al link <strong><a href=\"https:\/\/webgate.ec.europa.eu\/odr\/main\/index.cfm?event=main.home.show&amp;lng=SL\" target=\"_blank\" rel=\"noreferrer noopener\"><u>QUI<\/u><\/a><\/strong>. <\/p>\n\n<p>La suddetta regolamentazione deriva dalla Legge sulla risoluzione stragiudiziale delle controversie con i consumatori, dal Regolamento (UE) n. 524\/2013 del Parlamento europeo e del Consiglio relativo alla risoluzione delle controversie online dei consumatori e che modifica il Regolamento (CE) n. 2016\/2004 e la Direttiva 2009\/22\/CE.  <\/p>\n\n<h4 class=\"wp-block-heading\">DICHIARAZIONE RELATIVA ALLE INDICAZIONI NUTRIZIONALI E SULLA SALUTE NELLE DESCRIZIONI DEI PRODOTTI<\/h4>\n\n<p>Tutte le informazioni sulle pagine del negozio online www.proffshop.eu sono solo a scopo informativo e non sono in alcun modo intese come sostitutive dei consigli di un medico curante o del personale sanitario, n\u00e9 sono e non possono essere sostitutive di un&#8217;adeguata assistenza sanitaria, in quanto non sono riconosciute dalle autorit\u00e0 sanitarie.<\/p>\n\n<p>I prodotti e le affermazioni sui singoli prodotti nel negozio online www.proffshop.eu non sono stati valutati dalle istituzioni statali responsabili e non sono destinati a curare o prevenire malattie. Le descrizioni testuali di ogni singolo prodotto sono solo a scopo informativo e non sono state confermate dall&#8217;Istituto europeo per la sicurezza alimentare (EFSA). <\/p>\n\n<h4 class=\"wp-block-heading\">DISPOSIZIONI FINALI<\/h4>\n\n<p>L&#8217;utente conferma al momento dell&#8217;acquisto di essere pienamente consapevole delle condizioni generali di contratto del sito web <a href=\"http:\/\/www.proffshop.eu\/\">www.proffshop.eu<\/a> e di accettarle.<\/p>\n\n<p>Per eventuali controversie, entrambe le parti si impegnano a risolvere le controversie di comune accordo. Qualora non sia possibile raggiungere un accordo reciproco, sar\u00e0 competente il tribunale competente. <\/p>\n\n<p>Ci riserviamo il diritto di apportare varie modifiche ed errori, modifiche ed errori nei prezzi, nel testo scritto, nel contenuto e nelle descrizioni tecniche senza preavviso. Le immagini possono essere solo simboliche e non sempre riflettono completamente la situazione reale. <\/p>\n\n<p><em><strong>Ti auguriamo un acquisto di successo!<\/strong><\/em><\/p>\n\n<p>PROFFSHOP, trgovina d.o.o.<\/p>\n\n<p><strong>Kranj, 10. 4. 2022<\/strong><\/p>\n\n<p><strong>Il sito web <a href=\"http:\/\/www.proffshop.eu\/\">www.proffshop.eu<\/a> rispetta la tua privacy!<\/strong><\/p>\n\n<p><strong>Il sito web <a href=\"http:\/\/www.proffshop.eu\/\">www.proffshop.eu<\/a> \u00e8 di propriet\u00e0 di PROFFSHOP, trgovina d.o.o.<\/strong><\/p>\n\n<ul class=\"wp-block-list\">\n<li>Indirizzo: Cesta na Klanec 8B, 4000 Kranj<\/li>\n\n\n\n<li>E-mail: <a href=\"mailto:sales@proffshop.eu\">sales@proffshop.eu<\/a><\/li>\n\n\n\n<li>Registrato: Ajpes, filiale di Kranj<\/li>\n\n\n\n<li>Codice fiscale: SI14515458<\/li>\n\n\n\n<li>Siamo soggetti passivi IVA.<\/li>\n\n\n\n<li>Numero di registrazione: 9092935000<\/li>\n<\/ul>\n","protected":false},"excerpt":{"rendered":"<p>FORNITORE DEI PRODOTTI SUL SITO WEB I prodotti sul sito web www.proffshop.eu sono venduti da PROFFSHOP, trgovina d.o.o.\u2026<\/p>\n","protected":false},"author":2,"featured_media":0,"parent":0,"menu_order":0,"comment_status":"closed","ping_status":"closed","template":"","meta":{"_acf_changed":false,"inline_featured_image":false,"footnotes":""},"class_list":["post-2968","page","type-page","status-publish","hentry","post"],"acf":[],"_links":{"self":[{"href":"https:\/\/proffshop.eu\/it\/wp-json\/wp\/v2\/pages\/2968","targetHints":{"allow":["GET"]}}],"collection":[{"href":"https:\/\/proffshop.eu\/it\/wp-json\/wp\/v2\/pages"}],"about":[{"href":"https:\/\/proffshop.eu\/it\/wp-json\/wp\/v2\/types\/page"}],"author":[{"embeddable":true,"href":"https:\/\/proffshop.eu\/it\/wp-json\/wp\/v2\/users\/2"}],"replies":[{"embeddable":true,"href":"https:\/\/proffshop.eu\/it\/wp-json\/wp\/v2\/comments?post=2968"}],"version-history":[{"count":1,"href":"https:\/\/proffshop.eu\/it\/wp-json\/wp\/v2\/pages\/2968\/revisions"}],"predecessor-version":[{"id":2970,"href":"https:\/\/proffshop.eu\/it\/wp-json\/wp\/v2\/pages\/2968\/revisions\/2970"}],"wp:attachment":[{"href":"https:\/\/proffshop.eu\/it\/wp-json\/wp\/v2\/media?parent=2968"}],"curies":[{"name":"wp","href":"https:\/\/api.w.org\/{rel}","templated":true}]}}