{"id":3002,"date":"2025-08-12T17:55:05","date_gmt":"2025-08-12T15:55:05","guid":{"rendered":"https:\/\/proffshop.eu\/izdelek\/lash-face-schiuma-detergente-per-ciglia-e-viso-con-balsamo-per-ciglia\/"},"modified":"2026-02-04T12:19:52","modified_gmt":"2026-02-04T10:19:52","slug":"lash-face-schiuma-detergente-per-ciglia-e-viso-con-balsamo-per-ciglia","status":"publish","type":"product","link":"https:\/\/proffshop.eu\/it\/prodotto\/lash-face-schiuma-detergente-per-ciglia-e-viso-con-balsamo-per-ciglia\/","title":{"rendered":"LASH &amp; FACE schiuma detergente per ciglia e viso con balsamo per ciglia"},"content":{"rendered":"\r\n<p>La schiuma \u00e8 ideale per la cura della pelle del viso e per lavare le ciglia, sia quelle naturali che quelle con extension. Viene utilizzata sia a casa che nei migliori saloni di bellezza. Grazie ai principi attivi accuratamente selezionati, la schiuma ha un effetto completo sulla carnagione del viso, sulle ciglia e sulle sopracciglia. Questa schiuma combina pi\u00f9 fasi di cura in un unico prodotto cosmetico e sostituisce con successo altri detergenti per il viso.    <strong>VANTAGGI DELLA SCHIUMA PER CIGLIA E VISO INSTALASH:<\/strong><\/p>\r\n<ul>\r\n<li>Pulizia perfetta delle ciglia con extension.<\/li>\r\n<li>La schiuma Lash&amp;Face riduce la tendenza alla caduta delle ciglia, quindi l&#8217;applicazione dura pi\u00f9 a lungo.<\/li>\r\n<li>Ciglia rafforzate.<\/li>\r\n<li>Pelle nutrita.<\/li>\r\n<li>Contiene betaina, che aumenta lo spessore delle ciglia.<\/li>\r\n<li>Non provoca irritazioni.<\/li>\r\n<\/ul>\r\n<p>&#8220;Testato su di noi, non sugli animali&#8221;<\/p>\r\n<h4 class=\"kt-adv-heading_7c50dc-5c wp-block-kadence-advancedheading has-palette-color-1-color has-text-color\" data-kb-block=\"kb-adv-heading_7c50dc-5c\">EFFETTO SULLA PELLE<\/h4>\r\n&#13;\n<p><strong>Lash &amp; Face \u00e8 adatto a tutti i tipi di pelle, soprattutto per la pelle:<\/strong><\/p>&#13;\n\r\n<ul class=\"wp-block-list\">&#13;\n<li>secca, che necessita di idratazione e luminosit\u00e0<\/li>&#13;\n\r\n\r\n&#13;\n<li>grigia, stanca, matura<\/li>&#13;\n\r\n\r\n&#13;\n<li>con imperfezioni<\/li>&#13;\n\r\n\r\n&#13;\n<li>rossastra, sensibile, soggetta a irritazioni<\/li>&#13;\n\r\n\r\n&#13;\n<li>con capillari dilatati<\/li>&#13;\n<\/ul>\r\n&#13;\n<p class=\"has-palette-color-1-color has-text-color\"><strong>Come agiscono i singoli ingredienti della schiuma sulla pelle?<\/strong><\/p>&#13;\n\r\n<ul class=\"wp-block-list\">&#13;\n<li><strong>Acqua di mare terrestre<\/strong> &#8211; fornisce alla pelle i minerali (i minerali sono i mattoni fondamentali della pelle), quindi la carnagione \u00e8 pi\u00f9 luminosa e rinfrescata. La pelle che non viene costantemente rifornita di questi elementi diventa grigia e stanca. <\/li>&#13;\n\r\n\r\n&#13;\n<li><strong>Actibiome<\/strong> &#8211; ripristina l&#8217;equilibrio della pelle del viso, che viene disturbato da numerosi fattori ambientali e da uno stile di vita intenso. A causa dello stress o dell&#8217;esposizione ai raggi UV, il pH della pelle viene alterato, causando disturbi cutanei o arrossamenti. Actribione inverte questi effetti negativi, riducendo il rossore, le imperfezioni e ripristinando il microbioma della pelle, il cui squilibrio \u00e8 spesso causa di infiammazione cutanea.  <\/li>&#13;\n\r\n\r\n&#13;\n<li><strong>Betaina<\/strong> &#8211; ottima per la pelle secca, la idrata profondamente. Lascia sulla pelle una sensazione setosa e morbida, paragonabile ai migliori siliconi. Aumenta l&#8217;elasticit\u00e0 della pelle, stabilizzando l&#8217;idratazione. Migliora la risposta della pelle agli effetti irritanti dei detergenti, tampona le sostanze con un basso pH, lenisce la pelle sensibile. Tra l&#8217;altro, viene utilizzata per alleviare l&#8217;irritazione della pelle, ad es. dopo il peeling chimico.     <\/li>&#13;\n\r\n\r\n&#13;\n<li><strong>Fitopena<\/strong> &#8211; ricca di saponine &#8211; deterge delicatamente, leviga, ha un effetto antibatterico, idrata, nutre e rassoda.<\/li>&#13;\n<\/ul>\r\n&#13;\n<p>Gi\u00e0 dopo una settimana di utilizzo, i tester hanno notato un miglioramento generale della salute e della bellezza della loro carnagione.<\/p>&#13;\n&#13;\n<p class=\"has-palette-color-1-color has-text-color\"><strong>EFFETTO SU CIGLIA E SOPRACCIGLIA<\/strong><\/p>&#13;\n&#13;\n<p>Betaina &#8211; ha un forte effetto idratante. Le ciglia idratate sono pi\u00f9 sane e pi\u00f9 inclini alla crescita. La loro naturale tendenza alla caduta si riduce, il che significa che ci sono pi\u00f9 ciglia e appaiono pi\u00f9 folte. Funziona alla grande dopo procedure cosmetiche che seccano i capelli.   <\/p>&#13;\n&#13;\n<p><strong>La schiuma \u00e8 ideale per:<\/strong><\/p>&#13;\n\r\n<ul class=\"wp-block-list\">&#13;\n<li>ciglia e sopracciglia danneggiate che necessitano di restauro<\/li>&#13;\n\r\n\r\n&#13;\n<li>pulizia delle ciglia con extension<\/li>&#13;\n\r\n\r\n&#13;\n<li>dopo procedure cosmetiche, ad es. lifting delle ciglia, laminazione delle sopracciglia, in modo che l&#8217;effetto della procedura duri pi\u00f9 a lungo grazie a un&#8217;adeguata dose di idratazione <\/li>&#13;\n\r\n\r\n&#13;\n<li>dopo la rimozione delle ciglia con extension<\/li>&#13;\n<\/ul>\r\n\r\n<h4 class=\"kt-adv-heading_deb90c-58 wp-block-kadence-advancedheading has-palette-color-1-color has-text-color\" data-kb-block=\"kb-adv-heading_deb90c-58\">QUANTIT\u00c0 DI PRINCIPI ATTIVI<\/h4>\r\n&#13;\n<p>Siamo una delle poche aziende sul mercato polacco che pu\u00f2 vantare che i principi attivi nei nostri cosmetici sono aggiunti in quantit\u00e0 per le quali sono stati eseguiti test di efficacia e che corrispondono alle raccomandazioni dei produttori. Siamo caratterizzati dal fatto che NON aggiungiamo quantit\u00e0 minime di principi attivi solo per far sembrare la composizione pi\u00f9 esotica. Le quantit\u00e0 ridotte di principi attivi non hanno il diritto di agire. Quando scegli i cosmetici per te stesso, assicurati che il produttore abbia utilizzato le dosi raccomandate.   <\/p>&#13;\n\r\n<h4 class=\"kt-adv-heading_058211-1b wp-block-kadence-advancedheading has-palette-color-1-color has-text-color\" data-kb-block=\"kb-adv-heading_058211-1b\">ISTRUZIONI<\/h4>\r\n&#13;\n<p><strong>A CASA &#8211; per l&#8217;uso quotidiano:<\/strong><\/p>&#13;\n\r\n<ul class=\"wp-block-list\">&#13;\n<li>Applicare una piccola quantit\u00e0 di schiuma sul palmo della mano, quindi applicarla sul viso, sulle ciglia e sulle sopracciglia inumidite con acqua. Massaggiare delicatamente. Risciacquare con acqua. Utilizzare ogni giorno mattina e sera.   <\/li>&#13;\n<\/ul>\r\n&#13;\n<p><strong>NEL SALONE per l&#8217;extension delle ciglia:<\/strong><\/p>&#13;\n\r\n<ul class=\"wp-block-list\">&#13;\n<li>Applicare una piccola quantit\u00e0 di schiuma sulla palpebra chiusa, lasciare agire per circa 30 secondi, quindi pulire delicatamente le ciglia con una spazzola per ciglia. Risciacquare con acqua. <\/li>&#13;\n<\/ul>\r\n\r\n<h4 class=\"kt-adv-heading_d1676e-80 wp-block-kadence-advancedheading has-palette-color-1-color has-text-color\" data-kb-block=\"kb-adv-heading_d1676e-80\">COMPOSIZIONE<\/h4>\r\n&#13;\n<p>Aqua, Aloe Barbadensis Leaf Juice, 1,2-Hexanediol, Cocamidopropyl Betaine, Acacia Concinna Fruit Extract, Balanites Aegyptiaca, Fruit Extract, Gypsophila Paniculata Root Extract, Betaine, Maris Aqua, Glycerin, Sodium Lauroyl Methyl Isethionate, Polyglyceryl-4 Caprate, estratto di Laminaria Digitata, estratto di Chlorella Vulgaris, isometrato di saccaride, profumo, idrossiacetofenone, allantoina, benzoato di sodio, sorbato di potassio, etilesilglicerina, fenossietanolo, cloruro di sodio, acido sorbico, disuccinato di etilendiammina trisodico.<\/p>&#13;\n","protected":false},"excerpt":{"rendered":"<p>INSTALASH LASH &amp; FACE \u00e8 una schiuma detergente per viso e ciglia che unisce le propriet\u00e0 di un delicato gel detergente per il viso, shampoo per ciglia e siero nutriente. Con essa, otterrai ciglia forti e folte durante la cura quotidiana. <\/p>\n","protected":false},"featured_media":2317,"comment_status":"open","ping_status":"closed","template":"","meta":{"_acf_changed":false,"inline_featured_image":false},"product_brand":[],"product_cat":[142,143],"product_tag":[],"class_list":{"0":"post-3002","1":"product","2":"type-product","3":"status-publish","4":"has-post-thumbnail","6":"product_cat-cura-del-viso","7":"product_cat-instalash-it","8":"post","9":"ws-product--style-1","11":"first","12":"instock","13":"featured","14":"taxable","15":"shipping-taxable","16":"purchasable","17":"product-type-simple"},"acf":[],"_links":{"self":[{"href":"https:\/\/proffshop.eu\/it\/wp-json\/wp\/v2\/product\/3002","targetHints":{"allow":["GET"]}}],"collection":[{"href":"https:\/\/proffshop.eu\/it\/wp-json\/wp\/v2\/product"}],"about":[{"href":"https:\/\/proffshop.eu\/it\/wp-json\/wp\/v2\/types\/product"}],"replies":[{"embeddable":true,"href":"https:\/\/proffshop.eu\/it\/wp-json\/wp\/v2\/comments?post=3002"}],"wp:featuredmedia":[{"embeddable":true,"href":"https:\/\/proffshop.eu\/it\/wp-json\/wp\/v2\/media\/2317"}],"wp:attachment":[{"href":"https:\/\/proffshop.eu\/it\/wp-json\/wp\/v2\/media?parent=3002"}],"wp:term":[{"taxonomy":"product_brand","embeddable":true,"href":"https:\/\/proffshop.eu\/it\/wp-json\/wp\/v2\/product_brand?post=3002"},{"taxonomy":"product_cat","embeddable":true,"href":"https:\/\/proffshop.eu\/it\/wp-json\/wp\/v2\/product_cat?post=3002"},{"taxonomy":"product_tag","embeddable":true,"href":"https:\/\/proffshop.eu\/it\/wp-json\/wp\/v2\/product_tag?post=3002"}],"curies":[{"name":"wp","href":"https:\/\/api.w.org\/{rel}","templated":true}]}}