{"id":3007,"date":"2025-08-12T17:55:05","date_gmt":"2025-08-12T15:55:05","guid":{"rendered":"https:\/\/proffshop.eu\/izdelek\/mascara-lashboost-con-siero-stimolante-per-la-crescita\/"},"modified":"2026-02-04T12:19:47","modified_gmt":"2026-02-04T10:19:47","slug":"mascara-lashboost-con-siero-stimolante-per-la-crescita","status":"publish","type":"product","link":"https:\/\/proffshop.eu\/it\/prodotto\/mascara-lashboost-con-siero-stimolante-per-la-crescita\/","title":{"rendered":"Mascara LashBOOST con siero stimolante per la crescita"},"content":{"rendered":"\r\n<p><strong>Grazie a un complesso naturale di ingredienti, il mascara contribuisce a:<\/strong><\/p>\r\n<ul>\r\n<li>bulbi piliferi pi\u00f9 attivi e vitali,<\/li>\r\n<li>crescita delle ciglia,<\/li>\r\n<li>mantenimento delle ciglia in ottime condizioni (effetto anti-et\u00e0),<\/li>\r\n<li>aumento della densit\u00e0, del numero e dello spessore dei peli, maggiore volume delle ciglia,<\/li>\r\n<li>riduzione della perdita di ciglia.<\/li>\r\n<\/ul>\r\n<p>Usa il mascara ogni giorno. I giusti ingredienti ripristineranno naturalmente le tue ciglia e, con il trucco quotidiano, ti prenderai cura della salute delle tue ciglia. Per risultati ottimali, utilizzalo in combinazione con la schiuma detergente LASH &amp; FACE e l&#8217;integratore alimentare SKINBOOST, che non solo nutrir\u00e0 la tua pelle, ma idrater\u00e0 anche le ciglia per una cura completa.   Lo scovolino a doppia faccia di dimensioni perfette ha setole su entrambi i lati con lunghezza graduata. Puoi raggiungere ogni ciglia e aumentarne il volume, dalla radice alla punta, senza sporcare il contorno occhi. <\/p>\r\n<h4 class=\"kt-adv-heading_bbff1d-8b wp-block-kadence-advancedheading has-palette-color-1-color has-text-color\" data-kb-block=\"kb-adv-heading_bbff1d-8b\">TEST DI EFFICACIA\/INGREDIENTI<\/h4>\r\n&#13;\n<p><strong>La ricerca condotta dal produttore delle materie prime indica che:<\/strong><\/p>&#13;\n\r\n<ul class=\"wp-block-list\">&#13;\n<li>Gli ingredienti hanno aumentato la densit\u00e0 delle ciglia del 18% rispetto allo stato iniziale.<\/li>&#13;\n\r\n\r\n&#13;\n<li>In media, nei volontari che hanno partecipato all&#8217;esperimento sono comparsi fino a 38.000 nuovi peli.<\/li>&#13;\n\r\n\r\n&#13;\n<li>Dopo tre mesi di utilizzo del mascara, \u00e8 stata riscontrata una riduzione del 60,6% della perdita di capelli rispetto allo stato iniziale.<\/li>&#13;\n<\/ul>\r\n&#13;\n<p>Il mascara utilizza un complesso di tre principi attivi che hanno un effetto completo sulle ciglia: le ispessiscono, le allungano, le idratano e ne prevengono la caduta.<\/p>&#13;\n&#13;\n<p>Baicapil \u00e8 una formula progettata e brevettata che aiuta a fermare la caduta delle ciglia. L&#8217;L-arginina idrata efficacemente le ciglia, accelera la crescita delle ciglia e ne previene la caduta. Il pantenolo (provitamina B5) avvolge le ciglia e ne sigilla la superficie. Aiuta a ispessire, allungare e rigenerare le ciglia.   <\/p>&#13;\n&#13;\n<p>Grazie agli ingredienti brevettati e innovativi, l&#8217;effetto del trattamento cosmetico INSTALASH rimarr\u00e0 con te molto pi\u00f9 a lungo rispetto all&#8217;utilizzo di sieri per ciglia standard con bimatoprost. I sieri per ciglia con Bimatoprost contengono sostanze che creano dipendenza, quindi l&#8217;effetto del trattamento termina subito dopo aver interrotto l&#8217;uso dello stimolante artificiale: il siero funziona solo durante l&#8217;uso. Il balsamo naturale per ciglia contenuto nei cosmetici INSTALASH lascia un effetto molto tempo dopo la fine del trattamento. Tale balsamo idrata e rafforza le ciglia alla base e alle radici delle ciglia.   <\/p>&#13;\n&#13;\n<p>I nostri prodotti non contengono bimatoprost o le sue filiali. Puoi leggere di pi\u00f9 sul Bimatoprost di seguito nella descrizione. <\/p>&#13;\n&#13;\n<p>&#8220;Testato su di noi, non sugli animali&#8221;<\/p>&#13;\n\r\n<h4 class=\"kt-adv-heading_2bfd69-7c wp-block-kadence-advancedheading has-palette-color-1-color has-text-color\" data-kb-block=\"kb-adv-heading_2bfd69-7c\">QUANTIT\u00c0 DI PRINCIPI ATTIVI<\/h4>\r\n&#13;\n<p>Siamo una delle poche aziende sul mercato polacco che pu\u00f2 vantare che i principi attivi nei nostri cosmetici sono aggiunti in quantit\u00e0 per le quali sono stati eseguiti test di efficacia e che corrispondono alle raccomandazioni dei produttori. Siamo caratterizzati dal fatto che NON aggiungiamo quantit\u00e0 minime di principi attivi solo per far sembrare la composizione pi\u00f9 esotica. Le quantit\u00e0 ridotte di principi attivi non hanno il diritto di agire. Quando scegli i cosmetici per te stesso, assicurati che il produttore abbia utilizzato le dosi raccomandate.   <\/p>&#13;\n\r\n<h4 class=\"kt-adv-heading_560e16-9d wp-block-kadence-advancedheading has-palette-color-1-color has-text-color\" data-kb-block=\"kb-adv-heading_560e16-9d\">COMPOSIZIONE<\/h4>\r\n&#13;\n<p>Acqua, cera d&#8217;api sintetica, copolimero acrilati\/ottilacrilammide, acacia senegal, ciclopentasilossano, paraffina, acido stearico, copolimero VP\/Eicozene, , polibutene, gliceril stearato, acido palmitico, trietanolammina, butilene glicole, Copernicia Cerifera Cera, propandiolo, pantenolo, tocoferil acetato, arginina, acido lattico, estratto di germogli di Glycine Soja, estratto di germogli di Triticum Vulgare fenossietanolo, ascorbil palmitato, idrossietilcellulosa, etilesilglicerina, estratto di radice di Scutellaria Baicalensis, benzoato di sodio, gluconolattone, gluconato di calcio, +\/- CI 77491, CI 77492, CI 77499, CI 77007<\/p>&#13;\n&#13;\n<p class=\"has-palette-color-1-color has-text-color\"><strong>NON CONTIENE BIMATOPROST:<\/strong><\/p>&#13;\n&#13;\n<p>BIMATOPROST &#8211; \u00e8 l&#8217;ingrediente pi\u00f9 popolare nella maggior parte dei balsami per ciglia convenzionali disponibili sul mercato. Il bimatoprost \u00e8 ora vietato in un numero crescente di paesi in tutto il mondo. <\/p>&#13;\n&#13;\n<p>Il bimatoprost \u00e8 un ingrediente di repellenti per insetti, vernici e inchiostri da stampa.<\/p>&#13;\n&#13;\n<p>Nel 2001, la FDA ha approvato il bimatoprost per il trattamento del glaucoma. \u00c8 stato riscontrato che il suo effetto collaterale \u00e8 l&#8217;ispessimento e l&#8217;addensamento visibile delle ciglia, quindi nel 2008 \u00e8 stato approvato dalle principali aziende cosmetiche per l&#8217;industria cosmetica. <\/p>&#13;\n&#13;\n<p>Sulla confezione dei prodotti contenenti questo ingrediente, si afferma che il prodotto deve essere utilizzato solo sulla linea delle ciglia. I produttori non sono quindi legalmente responsabili per l&#8217;uso improprio del prodotto, ad esempio se il prodotto gocciola nell&#8217;occhio, cosa molto probabile quando si utilizza il prodotto cos\u00ec vicino all&#8217;occhio. In questo modo, il produttore ha avvertito il consumatore dove utilizzare il prodotto (solo sulla linea delle ciglia, non all&#8217;interno dell&#8217;occhio), quindi non si assume la responsabilit\u00e0 se il prodotto finisce in un luogo indesiderato e causa effetti indesiderati.  <\/p>&#13;\n&#13;\n<p>Il bimatoprost \u00e8 una sostanza che crea dipendenza per le ciglia: la sua efficacia termina subito dopo aver interrotto l&#8217;uso del prodotto. Le ciglia torneranno rapidamente al loro stato originale quando smetteremo di usare il farmaco Bimatoprost. <\/p>&#13;\n&#13;\n<p><strong>Bimatoprost &#8211; possibili effetti indesiderati:<\/strong><\/p>&#13;\n\r\n<ul class=\"wp-block-list\">&#13;\n<li>L&#8217;effetto indesiderato documentato pi\u00f9 pericoloso \u00e8 stato il danno permanente alla vista.<\/li>&#13;\n<\/ul>\r\n&#13;\n<p><strong>Altri effetti indesiderati:<\/strong><\/p>&#13;\n\r\n<ul class=\"wp-block-list\">&#13;\n<li>Collasso dei bulbi oculari<\/li>&#13;\n\r\n\r\n&#13;\n<li>eccessiva crescita di peli<\/li>&#13;\n\r\n\r\n&#13;\n<li>crescita delle ciglia all&#8217;interno del bulbo oculare<\/li>&#13;\n\r\n\r\n&#13;\n<li>iperemia congiuntivale, prurito agli occhi<\/li>&#13;\n\r\n\r\n&#13;\n<li>infiammazione della cornea<\/li>&#13;\n\r\n\r\n&#13;\n<li>lacrimazione<\/li>&#13;\n\r\n\r\n&#13;\n<li>compromissione dell&#8217;acuit\u00e0 visiva<\/li>&#13;\n\r\n\r\n&#13;\n<li>dolore agli occhi, vertigini<\/li>&#13;\n\r\n\r\n&#13;\n<li>cambiamento del colore dell&#8217;iride.<\/li>&#13;\n<\/ul>\r\n&#13;\n<p><strong>Ingredienti correlati al Bimatoprost che consigliamo anche di evitare:<\/strong><\/p>&#13;\n&#13;\n<p>Il bimatoprost viene spesso contrabbandato nella formulazione con altri nomi, tra cui decloro-diidrossi-difluoro-etilcloprostenolamide o 2-fenossietanolo.<\/p>&#13;\n","protected":false},"excerpt":{"rendered":"<p>Il mascara nero con siero stimolante per la crescita, che migliora la lunghezza e lo spessore delle ciglia, \u00e8 diventato un fenomeno innegabile grazie alla potente rigenerazione delle ciglia che avviene durante le attivit\u00e0 quotidiane. Non \u00e8 necessario intraprendere ulteriori azioni e utilizzare prodotti malsani, come i sieri con ingredienti sintetici (il nostro mascara non contiene bimatoprost).  Grazie a un ingrediente idratante molto potente, il prodotto cosmetico aggiunge volume alle ciglia in modo permanente.<\/p>\n","protected":false},"featured_media":2302,"comment_status":"open","ping_status":"closed","template":"","meta":{"_acf_changed":false,"inline_featured_image":false},"product_brand":[],"product_cat":[142,143],"product_tag":[],"class_list":{"0":"post-3007","1":"product","2":"type-product","3":"status-publish","4":"has-post-thumbnail","6":"product_cat-cura-del-viso","7":"product_cat-instalash-it","8":"post","9":"ws-product--style-1","11":"first","12":"instock","13":"featured","14":"taxable","15":"shipping-taxable","16":"purchasable","17":"product-type-simple"},"acf":[],"_links":{"self":[{"href":"https:\/\/proffshop.eu\/it\/wp-json\/wp\/v2\/product\/3007","targetHints":{"allow":["GET"]}}],"collection":[{"href":"https:\/\/proffshop.eu\/it\/wp-json\/wp\/v2\/product"}],"about":[{"href":"https:\/\/proffshop.eu\/it\/wp-json\/wp\/v2\/types\/product"}],"replies":[{"embeddable":true,"href":"https:\/\/proffshop.eu\/it\/wp-json\/wp\/v2\/comments?post=3007"}],"wp:featuredmedia":[{"embeddable":true,"href":"https:\/\/proffshop.eu\/it\/wp-json\/wp\/v2\/media\/2302"}],"wp:attachment":[{"href":"https:\/\/proffshop.eu\/it\/wp-json\/wp\/v2\/media?parent=3007"}],"wp:term":[{"taxonomy":"product_brand","embeddable":true,"href":"https:\/\/proffshop.eu\/it\/wp-json\/wp\/v2\/product_brand?post=3007"},{"taxonomy":"product_cat","embeddable":true,"href":"https:\/\/proffshop.eu\/it\/wp-json\/wp\/v2\/product_cat?post=3007"},{"taxonomy":"product_tag","embeddable":true,"href":"https:\/\/proffshop.eu\/it\/wp-json\/wp\/v2\/product_tag?post=3007"}],"curies":[{"name":"wp","href":"https:\/\/api.w.org\/{rel}","templated":true}]}}