{"id":3008,"date":"2025-08-12T17:55:04","date_gmt":"2025-08-12T15:55:04","guid":{"rendered":"https:\/\/proffshop.eu\/izdelek\/t-shirt-jojo72\/"},"modified":"2025-11-06T10:09:33","modified_gmt":"2025-11-06T08:09:33","slug":"t-shirt-jojo72","status":"publish","type":"product","link":"https:\/\/proffshop.eu\/it\/prodotto\/t-shirt-jojo72\/","title":{"rendered":"T-shirt Jojo72"},"content":{"rendered":"&#13;\n<p>Le magliette sono adatte per essere indossate tutti i giorni e il loro design minimalista ti permette di abbinarle a diversi stili. Le magliette sono disponibili in diverse taglie, cos\u00ec troverai sicuramente quella che ti si addice perfettamente. <\/p>&#13;\n<p>Il logo che trovi sulla parte anteriore della maglietta catturer\u00e0 sicuramente l&#8217;attenzione e dar\u00e0 alla tua maglietta un ulteriore tocco di stile.<\/p>&#13;\n&#13;\n<p>Il nostro impegno per la qualit\u00e0 si riflette anche nel modo in cui queste magliette sono realizzate, poich\u00e9 sono prodotte con i pi\u00f9 alti standard qualitativi, garantendone una lunga durata.<\/p>&#13;\n&#13;\n<p>Se cerchi magliette a maniche corte comode, versatili e resistenti, le nostre magliette oversized a maniche corte in 100% cotone in bianco e nero sono la scelta perfetta per te.<\/p>&#13;\n","protected":false},"excerpt":{"rendered":"<p>Ti presentiamo le nostre nuove magliette oversized a maniche corte in 100% cotone, disponibili in bianco e nero. Le magliette sono realizzate in cotone di alta qualit\u00e0, morbido al tatto e in grado di garantire comfort per tutto il giorno. Il taglio oversized assicura una vestibilit\u00e0 comoda e rilassata, offrendoti una totale libert\u00e0 di movimento.  <\/p>\n","protected":false},"featured_media":2254,"comment_status":"open","ping_status":"closed","template":"","meta":{"_acf_changed":false,"inline_featured_image":false},"product_brand":[],"product_cat":[170,169],"product_tag":[],"class_list":{"0":"post-3008","1":"product","2":"type-product","3":"status-publish","4":"has-post-thumbnail","6":"product_cat-abbigliamento","7":"product_cat-jojo72-it","8":"post","9":"ws-product--style-1","11":"first","12":"instock","13":"taxable","14":"shipping-taxable","15":"purchasable","16":"product-type-variable"},"acf":[],"_links":{"self":[{"href":"https:\/\/proffshop.eu\/it\/wp-json\/wp\/v2\/product\/3008","targetHints":{"allow":["GET"]}}],"collection":[{"href":"https:\/\/proffshop.eu\/it\/wp-json\/wp\/v2\/product"}],"about":[{"href":"https:\/\/proffshop.eu\/it\/wp-json\/wp\/v2\/types\/product"}],"replies":[{"embeddable":true,"href":"https:\/\/proffshop.eu\/it\/wp-json\/wp\/v2\/comments?post=3008"}],"wp:featuredmedia":[{"embeddable":true,"href":"https:\/\/proffshop.eu\/it\/wp-json\/wp\/v2\/media\/2254"}],"wp:attachment":[{"href":"https:\/\/proffshop.eu\/it\/wp-json\/wp\/v2\/media?parent=3008"}],"wp:term":[{"taxonomy":"product_brand","embeddable":true,"href":"https:\/\/proffshop.eu\/it\/wp-json\/wp\/v2\/product_brand?post=3008"},{"taxonomy":"product_cat","embeddable":true,"href":"https:\/\/proffshop.eu\/it\/wp-json\/wp\/v2\/product_cat?post=3008"},{"taxonomy":"product_tag","embeddable":true,"href":"https:\/\/proffshop.eu\/it\/wp-json\/wp\/v2\/product_tag?post=3008"}],"curies":[{"name":"wp","href":"https:\/\/api.w.org\/{rel}","templated":true}]}}