{"id":3089,"date":"2025-08-12T17:54:56","date_gmt":"2025-08-12T15:54:56","guid":{"rendered":"https:\/\/proffshop.eu\/izdelek\/pantaloncini\/"},"modified":"2025-08-26T21:48:34","modified_gmt":"2025-08-26T19:48:34","slug":"pantaloncini","status":"publish","type":"product","link":"https:\/\/proffshop.eu\/it\/prodotto\/pantaloncini\/","title":{"rendered":"Pantaloncini"},"content":{"rendered":"&#13;\n<p>La stampa JI aggiunge un aspetto unico e riconoscibile ai pantaloncini, che sicuramente ti piacer\u00e0 indossare in vari eventi estivi.<\/p>&#13;\n<p>I pantaloncini sono disponibili in diversi colori e taglie, quindi troverai sicuramente quelli giusti per te. Quindi adatti a diverse occasioni: dalle rilassanti passeggiate estive alle attivit\u00e0 sportive all&#8217;aperto. <\/p>&#13;\n&#13;\n<p>Il nostro impegno per la qualit\u00e0 si riflette anche nel modo in cui vengono realizzati tutti i nostri capi, poich\u00e9 sono realizzati con i pi\u00f9 alti standard di qualit\u00e0, garantendo una lunga durata.<\/p>&#13;\n&#13;\n<p>Acquistando questi pantaloncini, rinfrescherai sicuramente il tuo guardaroba e ti distinguerai dalla massa.<\/p>&#13;\n","protected":false},"excerpt":{"rendered":"<p>Ti presentiamo i nostri pantaloncini oversize composti dal 65% di cotone e dal 35% di poliestere con stampa JI.<\/p>\n<p>Questa miscela di materiali garantisce comfort e traspirabilit\u00e0, mantenendo al contempo la forma e la durata del tessuto. Il materiale in filato pettinato \u00e8 piacevole al tatto, morbido e delicato sulla pelle. <\/p>\n","protected":false},"featured_media":2200,"comment_status":"open","ping_status":"closed","template":"","meta":{"_acf_changed":false,"inline_featured_image":false},"product_brand":[],"product_cat":[170,169],"product_tag":[],"class_list":{"0":"post-3089","1":"product","2":"type-product","3":"status-publish","4":"has-post-thumbnail","6":"product_cat-abbigliamento","7":"product_cat-jojo72-it","8":"post","9":"ws-product--style-1","11":"first","12":"instock","13":"taxable","14":"shipping-taxable","15":"purchasable","16":"product-type-variable","17":"has-default-attributes"},"acf":[],"_links":{"self":[{"href":"https:\/\/proffshop.eu\/it\/wp-json\/wp\/v2\/product\/3089","targetHints":{"allow":["GET"]}}],"collection":[{"href":"https:\/\/proffshop.eu\/it\/wp-json\/wp\/v2\/product"}],"about":[{"href":"https:\/\/proffshop.eu\/it\/wp-json\/wp\/v2\/types\/product"}],"replies":[{"embeddable":true,"href":"https:\/\/proffshop.eu\/it\/wp-json\/wp\/v2\/comments?post=3089"}],"wp:featuredmedia":[{"embeddable":true,"href":"https:\/\/proffshop.eu\/it\/wp-json\/wp\/v2\/media\/2200"}],"wp:attachment":[{"href":"https:\/\/proffshop.eu\/it\/wp-json\/wp\/v2\/media?parent=3089"}],"wp:term":[{"taxonomy":"product_brand","embeddable":true,"href":"https:\/\/proffshop.eu\/it\/wp-json\/wp\/v2\/product_brand?post=3089"},{"taxonomy":"product_cat","embeddable":true,"href":"https:\/\/proffshop.eu\/it\/wp-json\/wp\/v2\/product_cat?post=3089"},{"taxonomy":"product_tag","embeddable":true,"href":"https:\/\/proffshop.eu\/it\/wp-json\/wp\/v2\/product_tag?post=3089"}],"curies":[{"name":"wp","href":"https:\/\/api.w.org\/{rel}","templated":true}]}}