{"id":3111,"date":"2025-08-12T17:54:56","date_gmt":"2025-08-12T15:54:56","guid":{"rendered":"https:\/\/proffshop.eu\/izdelek\/tattoo-care-pacco-xxl\/"},"modified":"2025-08-26T21:48:34","modified_gmt":"2025-08-26T19:48:34","slug":"tattoo-care-pacco-xxl","status":"publish","type":"product","link":"https:\/\/proffshop.eu\/it\/prodotto\/tattoo-care-pacco-xxl\/","title":{"rendered":"Tattoo Care Pacco XXL"},"content":{"rendered":"&#13;\n<p><strong>Caratteristiche principali di <a href=\"https:\/\/www.proffshop.eu\/izdelek\/tattoo-care-classic\/\" target=\"_blank\" rel=\"noreferrer noopener\">Tattoo Care Classic<\/a> e <a href=\"https:\/\/www.proffshop.eu\/izdelek\/tattoo-care-black-rose\/\" target=\"_blank\" rel=\"noreferrer noopener\">Tattoo Care Black Rose<\/a>:<\/strong><\/p>&#13;\n\r\n<ul class=\"wp-block-list\">&#13;\n<li>Aiuta attivamente la pelle nei processi di rigenerazione e per un aspetto finale migliore<\/li>&#13;\n\r\n\r\n&#13;\n<li>Allevia l&#8217;irritazione e il rossore subito dopo il tatuaggio<\/li>&#13;\n\r\n\r\n&#13;\n<li>Idrata in profondit\u00e0 la pelle e mantiene l&#8217;intensit\u00e0 dei colori<\/li>&#13;\n\r\n\r\n&#13;\n<li>Mantiene un aspetto fresco e curato e restituisce lucentezza<\/li>&#13;\n\r\n\r\n&#13;\n<li>Dermatologicamente testato e realizzato con ingredienti naturali<\/li>&#13;\n<\/ul>\r\n&#13;\n<p><strong>Caratteristiche principali di <a href=\"https:\/\/www.proffshop.eu\/izdelek\/tattoo-care-sun-protection-80ml\/\" target=\"_blank\" rel=\"noreferrer noopener\">Tattoo Care Sun Protection<\/a>:<\/strong><\/p>&#13;\n\r\n<ul class=\"wp-block-list\">&#13;\n<li>Alta protezione della pelle 30+ SPF con filtro UVA\/UVB aggiunto<\/li>&#13;\n\r\n\r\n&#13;\n<li>Protegge i colori del tatuaggio dallo sbiadimento e dall&#8217;invecchiamento<\/li>&#13;\n\r\n\r\n&#13;\n<li>Idrata e nutre la pelle in profondit\u00e0, mantenendo l&#8217;intensit\u00e0 dei colori<\/li>&#13;\n\r\n\r\n&#13;\n<li>Aiuta attivamente i processi di rigenerazione della pelle dopo l&#8217;esposizione al sole<\/li>&#13;\n\r\n\r\n&#13;\n<li>Resistente all&#8217;acqua, non lascia uno strato bianco sulla pelle e non nasconde il tatuaggio<\/li>&#13;\n\r\n\r\n&#13;\n<li>Dermatologicamente testato e realizzato con ingredienti naturali<\/li>&#13;\n<\/ul>\r\n\r\n<div class=\"wp-block-kadence-accordion alignnone\">\r\n<div class=\"kt-accordion-wrap kt-accordion-id_ab4c4c-2b kt-accordion-has-5-panes kt-active-pane-0 kt-accordion-block kt-pane-header-alignment-left kt-accodion-icon-style-arrow kt-accodion-icon-side-right\" style=\"max-width: none;\">\r\n<div class=\"kt-accordion-inner-wrap\" data-allow-multiple-open=\"false\" data-start-open=\"none\">\r\n<div class=\"wp-block-kadence-pane kt-accordion-pane kt-accordion-pane-5 kt-pane_76ca37-99\">\r\n<div class=\"kt-accordion-panel\">\r\n<div class=\"kt-accordion-panel-inner\"><\/div>\n<\/div>\n<\/div>\n<p><!-- \/wp:post-content --><\/div>\n<\/div>\n<\/div>\n<p><!-- \/wp:kadence\/accordion --><\/p>\n","protected":false},"excerpt":{"rendered":"<p><strong>Tattoo Care Classic e Tattoo Care Black Rose<\/strong> Unguento per la cura dei tatuaggi realizzato con ingredienti naturali selezionati di alta qualit\u00e0. Da utilizzare subito dopo il tatuaggio o per la cura e il ripristino di tatuaggi pi\u00f9 vecchi. Sentirete e vedrete gli effetti gi\u00e0 dalla prima applicazione. Adatto a tutti i tipi di pelle. <strong>Tattoo Care Sun Protection<\/strong> Unguento per proteggere i tatuaggi dal sole 30+ SPF, con un ampio spettro di protezione contro i raggi solari UVA\/UVB. Realizzato con ingredienti naturali di alta qualit\u00e0. Oltre a proteggere dal sole, l&#8217;unguento idrater\u00e0 e nutrir\u00e0 la pelle, aiutando a rendere i colori pi\u00f9 intensi e brillanti. Lascia che tutta la spiaggia ammiri la bellezza del tuo tatuaggio.      <\/p>\n","protected":false},"featured_media":2197,"comment_status":"open","ping_status":"closed","template":"","meta":{"_acf_changed":false,"inline_featured_image":false},"product_brand":[],"product_cat":[192,194],"product_tag":[],"class_list":{"0":"post-3111","1":"product","2":"type-product","3":"status-publish","4":"has-post-thumbnail","6":"product_cat-cura-dei-tatuaggi","7":"product_cat-tattoo-care-it","8":"post","9":"ws-product--style-1","11":"first","12":"instock","13":"taxable","14":"shipping-taxable","15":"purchasable","16":"product-type-simple"},"acf":[],"_links":{"self":[{"href":"https:\/\/proffshop.eu\/it\/wp-json\/wp\/v2\/product\/3111","targetHints":{"allow":["GET"]}}],"collection":[{"href":"https:\/\/proffshop.eu\/it\/wp-json\/wp\/v2\/product"}],"about":[{"href":"https:\/\/proffshop.eu\/it\/wp-json\/wp\/v2\/types\/product"}],"replies":[{"embeddable":true,"href":"https:\/\/proffshop.eu\/it\/wp-json\/wp\/v2\/comments?post=3111"}],"wp:featuredmedia":[{"embeddable":true,"href":"https:\/\/proffshop.eu\/it\/wp-json\/wp\/v2\/media\/2197"}],"wp:attachment":[{"href":"https:\/\/proffshop.eu\/it\/wp-json\/wp\/v2\/media?parent=3111"}],"wp:term":[{"taxonomy":"product_brand","embeddable":true,"href":"https:\/\/proffshop.eu\/it\/wp-json\/wp\/v2\/product_brand?post=3111"},{"taxonomy":"product_cat","embeddable":true,"href":"https:\/\/proffshop.eu\/it\/wp-json\/wp\/v2\/product_cat?post=3111"},{"taxonomy":"product_tag","embeddable":true,"href":"https:\/\/proffshop.eu\/it\/wp-json\/wp\/v2\/product_tag?post=3111"}],"curies":[{"name":"wp","href":"https:\/\/api.w.org\/{rel}","templated":true}]}}