{"id":3126,"date":"2025-08-12T17:54:33","date_gmt":"2025-08-12T15:54:33","guid":{"rendered":"https:\/\/proffshop.eu\/izdelek\/felpa-con-cappuccio-per-bambini-jojo72\/"},"modified":"2025-08-26T21:49:02","modified_gmt":"2025-08-26T19:49:02","slug":"felpa-con-cappuccio-per-bambini-jojo72","status":"publish","type":"product","link":"https:\/\/proffshop.eu\/it\/prodotto\/felpa-con-cappuccio-per-bambini-jojo72\/","title":{"rendered":"Felpa con cappuccio per bambini Jojo72"},"content":{"rendered":"\r\n<p>Confronto taglie con misure del corpo in cm: XS=98\/104, S=110\/116, M=122\/128, L=134\/140, XL=146\/152, XXL=158\/164<\/p>\r\n<p>Colore: verde lime, turchese, melanzana<\/p>\r\n<p>Tessuto esterno (300 g\/m\u00b2) 80% cotone, 20% poliestere<\/p>\r\n<p><strong>Si prega di controllare le taglie prima di ordinare.<\/strong><\/p>\r\n","protected":false},"excerpt":{"rendered":"<p>La felpa con cappuccio per bambini Jojo72 \u00e8 il compagno ideale per i tuoi bambini nelle giornate pi\u00f9 fredde. Il materiale esterno \u00e8 composto per l&#8217;80% da cotone, quindi \u00e8 molto morbido e assorbente. Grazie al contenuto di poliestere, la felpa \u00e8 molto facile da curare e trattiene bene il calore. Il cappuccio \u00e8 a doppio strato e senza cordino. La felpa ha una grande tasca a marsupio sul davanti.    <\/p>\n","protected":false},"featured_media":2041,"comment_status":"open","ping_status":"closed","template":"","meta":{"_acf_changed":false,"inline_featured_image":false},"product_brand":[],"product_cat":[170,169],"product_tag":[],"class_list":{"0":"post-3126","1":"product","2":"type-product","3":"status-publish","4":"has-post-thumbnail","6":"product_cat-abbigliamento","7":"product_cat-jojo72-it","8":"post","9":"ws-product--style-1","11":"first","12":"outofstock","13":"taxable","14":"shipping-taxable","15":"purchasable","16":"product-type-variable","17":"has-default-attributes"},"acf":[],"_links":{"self":[{"href":"https:\/\/proffshop.eu\/it\/wp-json\/wp\/v2\/product\/3126","targetHints":{"allow":["GET"]}}],"collection":[{"href":"https:\/\/proffshop.eu\/it\/wp-json\/wp\/v2\/product"}],"about":[{"href":"https:\/\/proffshop.eu\/it\/wp-json\/wp\/v2\/types\/product"}],"replies":[{"embeddable":true,"href":"https:\/\/proffshop.eu\/it\/wp-json\/wp\/v2\/comments?post=3126"}],"wp:featuredmedia":[{"embeddable":true,"href":"https:\/\/proffshop.eu\/it\/wp-json\/wp\/v2\/media\/2041"}],"wp:attachment":[{"href":"https:\/\/proffshop.eu\/it\/wp-json\/wp\/v2\/media?parent=3126"}],"wp:term":[{"taxonomy":"product_brand","embeddable":true,"href":"https:\/\/proffshop.eu\/it\/wp-json\/wp\/v2\/product_brand?post=3126"},{"taxonomy":"product_cat","embeddable":true,"href":"https:\/\/proffshop.eu\/it\/wp-json\/wp\/v2\/product_cat?post=3126"},{"taxonomy":"product_tag","embeddable":true,"href":"https:\/\/proffshop.eu\/it\/wp-json\/wp\/v2\/product_tag?post=3126"}],"curies":[{"name":"wp","href":"https:\/\/api.w.org\/{rel}","templated":true}]}}