{"id":3264,"date":"2025-08-12T17:53:32","date_gmt":"2025-08-12T15:53:32","guid":{"rendered":"https:\/\/proffshop.eu\/izdelek\/tattoo-care-protezione-solare-80ml\/"},"modified":"2025-08-26T21:49:57","modified_gmt":"2025-08-26T19:49:57","slug":"tattoo-care-protezione-solare-80ml","status":"publish","type":"product","link":"https:\/\/proffshop.eu\/it\/prodotto\/tattoo-care-protezione-solare-80ml\/","title":{"rendered":"Tattoo Care Protezione Solare 80ml"},"content":{"rendered":"&#13;\n<p><strong>1. PERCH\u00c9 TATTOO CARE PROTEZIONE SOLARE<\/strong><\/p>&#13;\n&#13;\n<p>Risposta rapida: perch\u00e9 \u00e8 un unguento di alta qualit\u00e0 che ti aiuter\u00e0 a proteggere il tatuaggio dagli effetti dannosi del sole. Abbiamo sviluppato l&#8217;unguento appositamente per proteggere i tatuaggi dal sole. Si differenzia dalle normali creme solari per la sua composizione. Questa gli permette, oltre a proteggere la zona esterna della pelle, di penetrare pi\u00f9 in profondit\u00e0 nella zona della pelle dove si trova il tuo tatuaggio. Pertanto, nutre e protegge la pelle dall&#8217;interno e dall&#8217;esterno.    <\/p>&#13;\n&#13;\n<p>Anche se lo produciamo interamente in Slovenia, la sua qualit\u00e0 \u00e8 riconosciuta anche all&#8217;estero. Nel mercato pi\u00f9 competitivo degli Stati Uniti, il nostro unguento \u00e8 tra i prodotti pi\u00f9 venduti per la protezione dei tatuaggi. Sulla base delle valutazioni di oltre 3.000 utenti, la valutazione media della qualit\u00e0 dell&#8217;unguento \u00e8 di 4,6 su 5. Se dovessimo paragonarlo a un voto scolastico, potremmo dire che siamo eccellenti.   <\/p>&#13;\n&#13;\n<p>L&#8217;unguento Tattoo Care Protezione Solare \u00e8 prodotto con ingredienti naturali che consentono un&#8217;elevata protezione della pelle dal sole e nutrono in profondit\u00e0 il tatuaggio. Gli unguenti Tattoo Care sono stati sviluppati secondo la tradizionale ricetta farmaceutica e sulla base di quasi 30 anni di esperienza nella produzione di unguenti per la protezione della pelle. Poich\u00e9 giuriamo sulla massima qualit\u00e0 e sulla conoscenza locale, produciamo gli unguenti Tattoo Care nel nostro stabilimento di produzione a Kranj e sono quindi il primo unguento sloveno per proteggere i tatuaggi dal sole.  <\/p>&#13;\n&#13;\n<p><strong>2. CARATTERISTICHE PRINCIPALI<\/strong><\/p>&#13;\n\r\n<ul class=\"wp-block-list\">&#13;\n<li>Alta protezione solare \u2013 SPF 30+ con ampio spettro di protezione dai raggi UVA\/UVB<\/li>&#13;\n\r\n\r\n&#13;\n<li>Da ingredienti naturali \u2013 prodotto con ingredienti naturali e salutari<\/li>&#13;\n\r\n\r\n&#13;\n<li>Facile da usare e ad azione rapida \u2013 sentirai gli effetti subito dopo l&#8217;applicazione<\/li>&#13;\n\r\n\r\n&#13;\n<li>Dermatologicamente testato \u2013 uso sicuro confermato per la protezione della pelle<\/li>&#13;\n\r\n\r\n&#13;\n<li>Idratazione profonda della pelle \u2013 come unguento, per struttura e ingredienti, \u00e8 tra i migliori idratanti per la pelle sul mercato<\/li>&#13;\n\r\n\r\n&#13;\n<li>Leggero profumo tropicale \u2013 La tua pelle profumer\u00e0 come una spensierata giornata estiva in spiaggia<\/li>&#13;\n\r\n\r\n&#13;\n<li>Prodotto sloveno \u2013 tutti gli unguenti sono interamente prodotti nel nostro stabilimento di produzione a Kranj<\/li>&#13;\n\r\n\r\n&#13;\n<li>Ogni tubo contiene 40 g di unguento. La durata \u00e8 di 18 mesi. Poich\u00e9 \u00e8 fatto con ingredienti naturali, si consiglia di conservarlo in un luogo fresco o a temperatura ambiente.  <\/li>&#13;\n<\/ul>\r\n&#13;\n<p><strong>3. COME FUNZIONA<\/strong><\/p>&#13;\n&#13;\n<p>Tattoo Care Protezione Solare \u00e8 un unguento e non una crema, un gel o una lozione.<\/p>&#13;\n&#13;\n<p>Gli unguenti si differenziano da questi per il fatto che contengono pi\u00f9 nutrienti che proteggono la pelle e meno acqua. La struttura dell&#8217;unguento \u00e8 pi\u00f9 densa di quella della crema, quindi \u00e8 necessario un po&#8217; pi\u00f9 di tempo per applicare l&#8217;unguento. La differenza tra un unguento e una crema \u00e8 anche che l&#8217;unguento penetra pi\u00f9 in profondit\u00e0 nel sottocute (derma) e quindi idrata e nutre la pelle in profondit\u00e0 dall&#8217;interno. In questa parte della pelle si trova anche il tuo tatuaggio. Poich\u00e9 l&#8217;unguento idrata e nutre anche questa parte profonda della pelle, i colori del tatuaggio saranno pi\u00f9 resistenti e intensi, rallentandone anche lo sbiadimento. Inoltre, l&#8217;unguento ha anche un effetto occlusivo, il che significa che protegge la pelle anche sull&#8217;epidermide. Grazie alla struttura e agli ingredienti, l&#8217;effetto curativo dopo l&#8217;uso dell&#8217;unguento \u00e8 pi\u00f9 completo rispetto all&#8217;uso della crema e dura pi\u00f9 a lungo.      <\/p>&#13;\n&#13;\n<p>\u00a0<\/p>&#13;\n&#13;\n<p><strong>4. VANTAGGI DELL&#8217;USO DELL&#8217;UNGUEENTO TATTOO CARE<\/strong><\/p>&#13;\n&#13;\n<p><strong>Per tatuaggi freschi<\/strong><\/p>&#13;\n\r\n<ul class=\"wp-block-list\">&#13;\n<li>Aiuta a ripristinare e recuperare la pelle dopo il tatuaggio<\/li>&#13;\n\r\n\r\n&#13;\n<li>Allevia l&#8217;irritazione e il rossore subito dopo il tatuaggio<\/li>&#13;\n\r\n\r\n&#13;\n<li>Idrata in profondit\u00e0 la pelle e protegge dalla disidratazione e mantiene l&#8217;intensit\u00e0 dei colori<\/li>&#13;\n\r\n\r\n&#13;\n<li>Mantiene un aspetto fresco, nutre la pelle e aiuta a ottenere un risultato finale migliore<\/li>&#13;\n<\/ul>\r\n&#13;\n<p><strong>Per tatuaggi pi\u00f9 vecchi\/esistenti<\/strong><\/p>&#13;\n\r\n<ul class=\"wp-block-list\">&#13;\n<li>Idrata e nutre la pelle in profondit\u00e0<\/li>&#13;\n\r\n\r\n&#13;\n<li>I colori risaltano di nuovo e sono pi\u00f9 intensi<\/li>&#13;\n\r\n\r\n&#13;\n<li>Previene la disidratazione del tatuaggio e mantiene l&#8217;intensit\u00e0 dei colori<\/li>&#13;\n\r\n\r\n&#13;\n<li>Mantiene un aspetto fresco e curato e restituisce lucentezza<\/li>&#13;\n<\/ul>\r\n&#13;\n<p><strong>5. ISTRUZIONI PER L&#8217;USO<\/strong><\/p>&#13;\n&#13;\n<p>Conservare sempre l&#8217;unguento a temperatura ambiente (fino a 25 \u00b0C) in un luogo asciutto e buio.<\/p>&#13;\n&#13;\n<p><strong>Per tatuaggi freschi<\/strong><\/p>&#13;\n&#13;\n<p>Prima di applicare l&#8217;unguento su un tatuaggio fresco per la prima volta, sciacqualo delicatamente con acqua tiepida (senza usare sapone). Asciugalo all&#8217;aria o tamponalo delicatamente con un tovagliolo di carta. Con le mani pulite, applicare un sottile strato di unguento Tattoo Care. Poich\u00e9 la struttura dell&#8217;unguento \u00e8 pi\u00f9 densa di quella della crema, prova ad applicarlo in modo da prelevare l&#8217;unguento con il dito e applicarlo sul tatuaggio picchiettando (vedi immagine sotto). Attendere qualche istante affinch\u00e9 l&#8217;unguento si riscaldi leggermente con la temperatura corporea e quindi stenderlo delicatamente, senza tirare eccessivamente. L&#8217;unguento pu\u00f2 essere applicato anche solo picchiettando senza tirare.      Ripeti questa procedura 3 volte al giorno fino a quando il tuo tatuaggio non sar\u00e0 completamente guarito (presumibilmente 2-4 settimane).<\/p>&#13;\n&#13;\n<figure class=\"wp-block-image size-full\"><img decoding=\"async\" class=\"wp-image-589\" src=\"https:\/\/www.proffshop.eu\/wp-content\/uploads\/2022\/04\/tattoo-care-mazanje.jpg\" alt=\"tattoo-care-applicazione\"\/><\/figure>&#13;\n&#13;\n<p>Un unguento Tattoo Care (35 g) di solito \u00e8 sufficiente per 1-2 settimane di utilizzo, a seconda delle dimensioni del tatuaggio e della quantit\u00e0 di unguento applicata.<\/p>&#13;\n&#13;\n<p><strong>Per tatuaggi pi\u00f9 vecchi\/esistenti<\/strong><\/p>&#13;\n&#13;\n<p>Applicare l&#8217;unguento sul tatuaggio e stenderlo bene. Se il tatuaggio \u00e8 pi\u00f9 grande, si consiglia di applicare l&#8217;unguento su diverse parti e quindi stenderlo bene su tutto il tatuaggio. L&#8217;effetto sar\u00e0 visibile dopo pochi minuti, poich\u00e9 la pelle sar\u00e0 pi\u00f9 elastica e fresca alla vista. Se i colori del tuo tatuaggio non sono troppo danneggiati o sbiaditi, risalteranno di nuovo e saranno pi\u00f9 vivaci e brillanti. Con l&#8217;uso regolare (almeno 2 volte a settimana), il tuo tatuaggio manterr\u00e0 un aspetto fresco e brillante e manterr\u00e0 anche l&#8217;intensit\u00e0 dei colori e le linee chiare del tatuaggio.    <\/p>&#13;\n&#13;\n<p><strong>6. INGREDIENTI<\/strong><\/p>&#13;\n&#13;\n<p>L&#8217;unguento Tattoo Care contiene ingredienti naturali, tra cui:<\/p>&#13;\n\r\n<ul class=\"wp-block-list\">&#13;\n<li><strong>estratto naturale di calendula in olio di mandorle<\/strong> \u2013 lenisce la pelle e ha un effetto antinfiammatorio, antimicrobico e antiossidante,<\/li>&#13;\n\r\n\r\n&#13;\n<li><strong>olio d&#8217;oliva e di jojoba<\/strong> \u2013 consentono un&#8217;idratazione e una protezione di lunga durata, la pelle diventa pi\u00f9 morbida e pi\u00f9 elastica,<\/li>&#13;\n\r\n\r\n&#13;\n<li><strong>vitamina A e vitamina E, Allantoina, Bisabololo (ingrediente della camomilla)<\/strong> \u2013 supportano la rigenerazione della pelle sensibile, aumentano la formazione di collagene, leniscono la pelle.<\/li>&#13;\n<\/ul>\r\n&#13;\n<p>Elenco completo degli ingredienti:<\/p>&#13;\n&#13;\n<p>INCI: Aqua, Lanolin, Petrolatum, Olea Europaea Fruit Oil, Calendula Officinalis Flower Extract\/Prunus Amygdalus Dulcis Oil, Cetearyl Alcohol, Simmondsia Chinensis Seed Oil, Sodium Benzoate, Potasium Sorbate, Bisabolol, Allantoin, Tocopheryl Acetate, Retinyl Palmitate, Sodium Cetearyl Sulfate, Sodium Lauryl Sulfate-Citric Acid.<\/p>&#13;\n&#13;\n<p><strong>7. AVVERTENZE<\/strong><\/p>&#13;\n&#13;\n<p>Solo per uso esterno. Prima di utilizzare il prodotto, controllare sempre l&#8217;elenco degli ingredienti. Non utilizzare se si \u00e8 sensibili a qualsiasi ingrediente. Se durante l&#8217;uso si verificano effetti indesiderati, interrompere l&#8217;uso dell&#8217;unguento e consultare un medico. Tenere fuori dalla portata dei bambini. Evitare il contatto con gli occhi. In caso di contatto con gli occhi, sciacquare abbondantemente con acqua. Utilizzare solo come indicato.       <\/p>&#13;\n&#13;\n<p><strong>RICERCA<\/strong><\/p>&#13;\n&#13;\n<p>Percentuale di utenti che hanno segnalato che \u00e8\/sono:<\/p>&#13;\n&#13;\n<figure class=\"wp-block-image size-full is-resized\"><img loading=\"lazy\" decoding=\"async\" class=\"wp-image-592\" src=\"https:\/\/www.proffshop.eu\/wp-content\/uploads\/2022\/04\/tattoo-raziskava.jpg\" alt=\"tattoo-ricerca\" width=\"568\" height=\"336\"\/><\/figure>&#13;\n","protected":false},"excerpt":{"rendered":"<p>Unguento per la protezione dei tatuaggi dal sole 30+ SPF, con ampio spettro di protezione contro i raggi solari UVA\/UVB. Realizzato con ingredienti naturali di alta qualit\u00e0. Oltre a proteggere dal sole, l&#8217;unguento idrater\u00e0 e nutrir\u00e0 la pelle, aiutando a rendere i colori pi\u00f9 intensi e brillanti. Lascia che tutta la spiaggia ammiri la bellezza del tuo tatuaggio.   <\/p>\n<p><b>Caratteristiche principali dell&#8217;unguento:<\/b><\/p>\n<ul>\n<li>Alta protezione della pelle 30+ SPF con filtro UVA\/UVB aggiunto<\/li>\n<li>Protegge i colori del tatuaggio dallo sbiadimento e dall&#8217;invecchiamento<\/li>\n<li>Idrata e nutre la pelle in profondit\u00e0, mantenendo l&#8217;intensit\u00e0 dei colori<\/li>\n<li>Aiuta attivamente i processi di rigenerazione della pelle dopo l&#8217;esposizione al sole<\/li>\n<li>Resistente all&#8217;acqua, non lascia uno strato bianco sulla pelle e non nasconde il tatuaggio<\/li>\n<li>Dermatologicamente testato e realizzato con ingredienti naturali<\/li>\n<\/ul>\n","protected":false},"featured_media":1669,"comment_status":"open","ping_status":"closed","template":"","meta":{"_acf_changed":false,"inline_featured_image":false},"product_brand":[],"product_cat":[192,194],"product_tag":[],"class_list":{"0":"post-3264","1":"product","2":"type-product","3":"status-publish","4":"has-post-thumbnail","6":"product_cat-cura-dei-tatuaggi","7":"product_cat-tattoo-care-it","8":"post","9":"ws-product--style-1","11":"first","12":"outofstock","13":"taxable","14":"shipping-taxable","15":"purchasable","16":"product-type-simple"},"acf":[],"_links":{"self":[{"href":"https:\/\/proffshop.eu\/it\/wp-json\/wp\/v2\/product\/3264","targetHints":{"allow":["GET"]}}],"collection":[{"href":"https:\/\/proffshop.eu\/it\/wp-json\/wp\/v2\/product"}],"about":[{"href":"https:\/\/proffshop.eu\/it\/wp-json\/wp\/v2\/types\/product"}],"replies":[{"embeddable":true,"href":"https:\/\/proffshop.eu\/it\/wp-json\/wp\/v2\/comments?post=3264"}],"wp:featuredmedia":[{"embeddable":true,"href":"https:\/\/proffshop.eu\/it\/wp-json\/wp\/v2\/media\/1669"}],"wp:attachment":[{"href":"https:\/\/proffshop.eu\/it\/wp-json\/wp\/v2\/media?parent=3264"}],"wp:term":[{"taxonomy":"product_brand","embeddable":true,"href":"https:\/\/proffshop.eu\/it\/wp-json\/wp\/v2\/product_brand?post=3264"},{"taxonomy":"product_cat","embeddable":true,"href":"https:\/\/proffshop.eu\/it\/wp-json\/wp\/v2\/product_cat?post=3264"},{"taxonomy":"product_tag","embeddable":true,"href":"https:\/\/proffshop.eu\/it\/wp-json\/wp\/v2\/product_tag?post=3264"}],"curies":[{"name":"wp","href":"https:\/\/api.w.org\/{rel}","templated":true}]}}