{"id":3294,"date":"2025-08-12T17:55:16","date_gmt":"2025-08-12T17:55:16","guid":{"rendered":"https:\/\/proffshop.eu\/izdelek\/gocce-di-canapa-cbg-al-5\/"},"modified":"2026-02-04T12:19:05","modified_gmt":"2026-02-04T10:19:05","slug":"gocce-di-canapa-cbg-al-5","status":"publish","type":"product","link":"https:\/\/proffshop.eu\/it\/prodotto\/gocce-di-canapa-cbg-al-5\/","title":{"rendered":"Gocce di canapa CBG al 5%"},"content":{"rendered":"&#13;\n<p><strong>Estratto di canapa industriale ricco di cannabidiolo CBD<\/strong><br\/><strong>Gocce di CBG per supportare importanti funzioni vitali<\/strong><\/p>&#13;\n&#13;\n<p>Le gocce di CBG sono particolarmente adatte a chi ha appena iniziato a conoscere i prodotti a base di canapa e a tutti coloro che desiderano garantire al proprio corpo un regolare apporto di cannabinoidi in modo semplice per supportare importanti funzioni vitali come il sistema immunitario e altri.<\/p>&#13;\n&#13;\n<p><strong>CBG \u2013 \u201cla madre di tutti i cannabinoidi\u201d<\/strong><\/p>&#13;\n&#13;\n<p>Il cannabigerolo (CBG) sta guadagnando sempre pi\u00f9 popolarit\u00e0 sul mercato e gli scienziati lo chiamano \u201cla madre di tutti i cannabinoidi\u201d, poich\u00e9 dalla sua forma acida, ovvero l&#8217;acido cannabigerolico (CBGA), derivano tutti gli altri cannabinoidi. Le gocce contengono estratto di canapa industriale ricco di cannabidiolo CBG, disciolto in olio di canapa spremuto a freddo.  <\/p>&#13;\n&#13;\n<p><strong>La pi\u00f9 ampia gamma di cannabinoidi, terpeni e altri principi attivi benefici<\/strong><\/p>&#13;\n&#13;\n<p>L&#8217;estratto di canapa si ottiene mediante estrazione dalle foglie di canapa. Durante l&#8217;estrazione dell&#8217;estratto di canapa, evitiamo le alte temperature, perch\u00e9 solo cos\u00ec possiamo preservare la pi\u00f9 ampia gamma di cannabinoidi, terpeni e altri principi attivi benefici della canapa. L&#8217;olio di canapa spremuto a freddo contiene l&#8217;80% di acidi grassi essenziali con un rapporto ideale tra omega 3 e omega 6. L&#8217;olio di canapa \u00e8 ricco di vitamina D e vitamina E e vanta anche un alto contenuto di vitamine del gruppo B.   <\/p>&#13;\n&#13;\n<p>Le gocce di canapa CBG contengono il 5% ovvero 500 mg di cannabinoide CBG (cannabigerolo). <\/p>&#13;\n&#13;\n<p><strong>Estratto a spettro completo da foglie di canapa slovena<\/strong><br\/>Contiene circa 1000 mg di estratto a spettro completo (full spectrum) di canapa con un contenuto di 500 mg di cannabinoide cannabigerolo (CBG) ottenuto da foglie di canapa slovena. Pur garantendo la quantit\u00e0 esatta di cannabidiolo CBD (come indicato sulla dichiarazione stessa), la quantit\u00e0 di estratto a spettro completo nel prodotto pu\u00f2 variare leggermente. I prodotti Agrosloven\u2122 sono realizzati con il nostro estratto di canapa, dove la concentrazione di cannabidiolo CBD varia a seconda della variet\u00e0, del raccolto, ecc.  <\/p>&#13;\n&#13;\n<p><strong>Ruolo importante nella regolazione dei processi nell&#8217;organismo<\/strong><br\/>I cannabinoidi ottenuti dalla pianta di canapa influenzano il sistema endocannabinoide nel nostro corpo, che svolge un ruolo molto importante nella regolazione di numerose funzioni e processi nell&#8217;organismo. Tra le altre cose, influisce sulla regolazione di:<br\/>* sonno<br\/>* umore<br\/>* temperatura corporea<br\/>* memoria<br\/>* funzioni motorie<br\/>* informazioni muscolari<br\/>* sistema cardiovascolare<br\/>* appetito<br\/>* funzioni della pelle<br\/>* fertilit\u00e0 (processi ormonali)\u2026 <\/p>&#13;\n&#13;\n<p>Conservare in luogo fresco o a temperatura ambiente e non esporre alla luce solare. Tenere fuori dalla portata dei bambini! <\/p>&#13;\n&#13;\n<p>Il prodotto \u00e8 realizzato con materie prime coltivate in Slovenia.<\/p>&#13;\n&#13;\n<p>Ingredienti<br\/>\u2022 Olio di semi di canapa (Cannabis sativa seed oil),<br\/>\u2022 estratto di foglie di canapa (Cannabis sativa L).<br\/><br\/>Uso<br\/>\u2022 Agitare bene le gocce di canapa CBG Agrosloven\u2122 prima dell&#8217;uso. Premere la parte in gomma del contagocce per riempirlo con la soluzione. Spremere la quantit\u00e0 desiderata sotto la lingua e attendere almeno 10-20 secondi affinch\u00e9 i cannabinoidi vengano assorbiti il pi\u00f9 possibile nella mucosa. Dal punto di vista dell&#8217;igiene, si raccomanda il minor contatto possibile tra la bocca e il contagocce durante l&#8217;uso. In questo caso, sciacquare il contagocce o pulirlo con una salvietta imbevuta di alcol. L&#8217;assunzione giornaliera raccomandata \u00e8 di 2 mg&#8230;     <\/p>&#13;\n","protected":false},"excerpt":{"rendered":"<p>Le gocce di CBG Agrosloven\u2122 sono gocce uniche perch\u00e9 contengono esclusivamente il cannabinoide cannabigerolo (CBG).<\/p>\n","protected":false},"featured_media":2441,"comment_status":"open","ping_status":"closed","template":"","meta":{"_acf_changed":false,"inline_featured_image":false},"product_brand":[],"product_cat":[290,258,137],"product_tag":[],"class_list":{"0":"post-3294","1":"product","2":"type-product","3":"status-publish","4":"has-post-thumbnail","6":"product_cat-agrosloven-it","7":"product_cat-cbd-it","8":"product_cat-marchi","9":"post","10":"ws-product--style-1","12":"first","13":"instock","14":"taxable","15":"shipping-taxable","16":"purchasable","17":"product-type-simple"},"acf":[],"_links":{"self":[{"href":"https:\/\/proffshop.eu\/it\/wp-json\/wp\/v2\/product\/3294","targetHints":{"allow":["GET"]}}],"collection":[{"href":"https:\/\/proffshop.eu\/it\/wp-json\/wp\/v2\/product"}],"about":[{"href":"https:\/\/proffshop.eu\/it\/wp-json\/wp\/v2\/types\/product"}],"replies":[{"embeddable":true,"href":"https:\/\/proffshop.eu\/it\/wp-json\/wp\/v2\/comments?post=3294"}],"wp:featuredmedia":[{"embeddable":true,"href":"https:\/\/proffshop.eu\/it\/wp-json\/wp\/v2\/media\/2441"}],"wp:attachment":[{"href":"https:\/\/proffshop.eu\/it\/wp-json\/wp\/v2\/media?parent=3294"}],"wp:term":[{"taxonomy":"product_brand","embeddable":true,"href":"https:\/\/proffshop.eu\/it\/wp-json\/wp\/v2\/product_brand?post=3294"},{"taxonomy":"product_cat","embeddable":true,"href":"https:\/\/proffshop.eu\/it\/wp-json\/wp\/v2\/product_cat?post=3294"},{"taxonomy":"product_tag","embeddable":true,"href":"https:\/\/proffshop.eu\/it\/wp-json\/wp\/v2\/product_tag?post=3294"}],"curies":[{"name":"wp","href":"https:\/\/api.w.org\/{rel}","templated":true}]}}