{"id":3313,"date":"2025-08-12T17:53:32","date_gmt":"2025-08-12T17:53:32","guid":{"rendered":"https:\/\/proffshop.eu\/izdelek\/olio-intimo-per-bambini-30ml\/"},"modified":"2025-08-27T17:49:09","modified_gmt":"2025-08-27T15:49:09","slug":"olio-intimo-per-bambini-30ml","status":"publish","type":"product","link":"https:\/\/proffshop.eu\/it\/prodotto\/olio-intimo-per-bambini-30ml\/","title":{"rendered":"Olio intimo per bambini 30ml"},"content":{"rendered":"\n<p><strong>Istruzioni per l&#8217;uso <\/strong><\/p>\n\n<p>Pulire bene la zona intima e applicare delicatamente una piccola quantit\u00e0 di olio.<\/p>\n\n<p><strong>Avvertenze<\/strong><\/p>\n\n<p>Conservare a temperatura ambiente, al riparo dalla luce.<\/p>\n\n<p><strong>Ingredienti<\/strong><\/p>\n\n<p>Helianthus Annuus Seed Oil, Prunus Amygdalus Dulcis Oil, Nigella Sativa Seed Oil, Simmondsia Chinensis Seed Oil, Hippophae Rhamnoides Fruit Oil, Mel, Tocopherol, Rosa Damascena Flower Oil, Santalum Austrocaledonicum Wood Oil, Chamomilla Recutita Flower Oil, Anthemis Nobilis Flower Oil, Citronellol, Geraniol, Linalool, Eugenol, d-Limonene, Farnesol, Citral.<\/p>\n\n\n<div class=\"wp-block-kadence-column kadence-column_391609-be inner-column-1\"><div class=\"kt-inside-inner-col\">\n<p>Quando sono diventata mamma per la prima volta nel 2015, mi sono trovata di fronte alla scelta di cosmetici per bambini e sono rimasta sorpresa dalla quantit\u00e0 di ingredienti inutili e persino dannosi contenuti nei prodotti per la cura di bambini e donne incinte. Dato che io stessa avevo iniziato a usare cosmetici completamente naturali anni fa, ero ancora pi\u00f9 concentrata sull&#8217;offrire al mio bambino i cosmetici pi\u00f9 naturali.  <\/p>\n\n\n\n<p>Come sapete, noi di Luxury Intimate negli ultimi anni abbiamo dedicato molta attenzione alla sensibilizzazione sull&#8217;importanza della cura intima. In questo periodo abbiamo ricevuto molti messaggi anche da mamme che volevano aiutare e lenire le infiammazioni sia nei loro neonati che nei bambini un po&#8217; pi\u00f9 grandi.  Ci siamo prefissati l&#8217;obiettivo di garantire ai genitori un uso spensierato dei cosmetici per bambini con una selezione di prodotti di alta qualit\u00e0, una formula collaudata e naturale. Il nostro team di esperti si \u00e8 messo al lavoro e nell&#8217;ultimo anno ha selezionato con cura le giuste piante e oli vegetali che hanno un effetto benefico sulla cura dei nostri bambini.  I nostri sforzi e la nostra dedizione sono stati ripagati. <\/p>\n\n\n\n<p>Siamo orgogliosi di presentarvi il nuovo olio intimo per bambini, completamente naturale, destinato alla cura delle zone intime del vostro bambino. Contiene solo i migliori ingredienti, come gli oli essenziali di camomilla blu, rosa damascena, legno di sandalo, miele, jojoba, olio di mandorle, olivello spinoso, olio di cumino nero e olio di girasole. L&#8217;olio intimo per bambini previene e lenisce la pelle sotto i pannolini dei vostri piccoli e la protegge. La composizione estremamente delicata e naturale lenisce la pelle arrossata e nutre e idrata la pelle secca e irritata.    <\/p>\n\n\n\n<p>I pannolini possono causare irritazioni, quindi consigliamo l&#8217;olio anche per la cura del sederino, poich\u00e9 nutre e lenisce con ingredienti naturali accuratamente selezionati. L&#8217;olio per la cura delle zone intime del tuo bambino \u00e8 amico dei bambini e dell&#8217;ambiente, poich\u00e9 contiene solo gli ingredienti di cui la pelle delicata e sensibile del bambino ha veramente bisogno, soprattutto nei primi mesi. L&#8217;uso dell&#8217;olio \u00e8 consigliato anche per la cura e il sollievo dei bambini pi\u00f9 grandi fino alla pubert\u00e0 (poi il valore del pH della mucosa cambia), quando in questa zona possono comparire fastidi come prurito, bruciore, ecc.   <\/p>\n\n\n\n<p>Rimaniamo fedeli solo a ingredienti naturali al 100% e alla continua sensibilizzazione dei bambini sull&#8217;importanza di una corretta cura intima. Destinato al comfort ottimale della pelle del bambino sotto il pannolino, per proteggere e curare la pelle del bambino, per giorni spensierati e per proteggere il tuo bambino dalla nascita. \u00c8 completamente sicuro e dermatologicamente testato. Alcuni bambini sono pi\u00f9 inclini alle infiammazioni, quindi consigliamo l&#8217;olio intimo per bambini Li Quandisa per l&#8217;uso quotidiano. Il prodotto con ingredienti naturali \u00e8 adatto anche per pelli molto sensibili e secche, in modo che la pelle nella zona intima del tuo piccolo sole sia ben curata.   <\/p>\n<\/div><\/div>\n\n\n\n<div class=\"wp-block-kadence-column kadence-column_6ac73f-3b inner-column-1\"><div class=\"kt-inside-inner-col\">\n<figure class=\"wp-block-image size-full\"><img decoding=\"async\" src=\"https:\/\/www.proffshop.eu\/wp-content\/uploads\/2022\/04\/ikona-kamilica.jpg\" alt=\"icona-camomilla\" class=\"wp-image-424\"\/><\/figure>\n<\/div><\/div>\n\n\n\n<div class=\"wp-block-kadence-column kadence-column_8f9058-54 inner-column-2\"><div class=\"kt-inside-inner-col\">\n<figure class=\"wp-block-image size-full\"><img decoding=\"async\" src=\"https:\/\/www.proffshop.eu\/wp-content\/uploads\/2022\/04\/ikona-vrtnica.jpg\" alt=\"icona-rosa\" class=\"wp-image-427\"\/><\/figure>\n<\/div><\/div>\n\n\n\n<div class=\"wp-block-kadence-column kadence-column_5d6d3d-8b inner-column-3\"><div class=\"kt-inside-inner-col\">\n<figure class=\"wp-block-image size-full\"><img decoding=\"async\" src=\"https:\/\/www.proffshop.eu\/wp-content\/uploads\/2022\/04\/ikona-crna-kumina.jpg\" alt=\"icona-crna-kumina\" class=\"wp-image-430\"\/><\/figure>\n<\/div><\/div>\n\n\n\n<div class=\"wp-block-kadence-column kadence-column_d5abae-4b inner-column-4\"><div class=\"kt-inside-inner-col\">\n<figure class=\"wp-block-image size-full\"><img decoding=\"async\" src=\"https:\/\/www.proffshop.eu\/wp-content\/uploads\/2022\/04\/ikona-med-1.jpg\" alt=\"icona-med\" class=\"wp-image-433\"\/><\/figure>\n<\/div><\/div>\n\n\n\n<div class=\"wp-block-kadence-column kadence-column_e0df84-63 inner-column-5\"><div class=\"kt-inside-inner-col\">\n<figure class=\"wp-block-image size-full\"><img decoding=\"async\" src=\"https:\/\/www.proffshop.eu\/wp-content\/uploads\/2022\/04\/ikona-rakitovec.jpg\" alt=\"icona-rakitovec\" class=\"wp-image-436\"\/><\/figure>\n<\/div><\/div>\n\n\n\n<div class=\"wp-block-kadence-column kadence-column_7b5189-67 inner-column-1\"><div class=\"kt-inside-inner-col\">\n<figure class=\"wp-block-embed is-type-video is-provider-youtube wp-block-embed-youtube wp-embed-aspect-16-9 wp-has-aspect-ratio\"><div class=\"wp-block-embed__wrapper\">\n<iframe loading=\"lazy\" title=\"Sara in Tamara odkrito z Ulo: \u017dalostno, koliko sramu je povezano z intimo\" width=\"640\" height=\"360\" src=\"https:\/\/www.youtube.com\/embed\/RpbC47BySP4?feature=oembed\" frameborder=\"0\" allow=\"accelerometer; autoplay; clipboard-write; encrypted-media; gyroscope; picture-in-picture; web-share\" referrerpolicy=\"strict-origin-when-cross-origin\" allowfullscreen><\/iframe>\n<\/div><\/figure>\n<\/div><\/div>\n\n\n\n<div class=\"wp-block-kadence-column kadence-column_27d3d9-f4 inner-column-2\"><div class=\"kt-inside-inner-col\"><\/div><\/div>\n\n\n<p><strong>CAMOMILLA BLU (camomilla tedesca)<\/strong><\/p>\n\n<p>La camomilla \u00e8 conosciuta da pi\u00f9 di 4000 anni ed \u00e8 una delle piante medicinali pi\u00f9 conosciute, utilizzata sia nella medicina professionale che popolare. I suoi ingredienti e principi attivi sono ben studiati. Tra questi c&#8217;\u00e8 il camazulene, una sostanza che conferisce all&#8217;olio essenziale il caratteristico colore blu, che distingue la camomilla tedesca dalla camomilla comune (romana). Il camazulene ha un effetto antinfiammatorio e accelera la guarigione delle ferite. In cosmetica e nella cura personale, viene utilizzato per accelerare il rinnovamento della pelle molto sensibile e danneggiata.    <\/p>\n\n<p><strong>ROSA DAMASCENA<\/strong><\/p>\n\n<p>L&#8217;olio di rosa della migliore qualit\u00e0 a livello mondiale \u00e8 fornito dalla rosa damascena della variet\u00e0 Rosa Damascena Miller, proprio quella che cresce da secoli in Bulgaria nella Valle delle Rose. La rosa damascena di questa valle ha un profumo, un aroma e una qualit\u00e0 eccezionali e le ultime ricerche mostrano anche propriet\u00e0 medicinali. Ha un effetto astringente sulla pelle (previene le reazioni infiammatorie sulla pelle e la sua sensibilit\u00e0 alle influenze esterne), ha una leggera attivit\u00e0 antimicrobica e nutre la pelle secca, matura e sensibile. L&#8217;olio di rosa ha un effetto emolliente sulla pelle, ha un effetto antisettico e antinfiammatorio, lenisce e idrata la pelle.   <\/p>\n\n<p><strong>CUMINO NERO<\/strong><\/p>\n\n<p>Il cumino nero \u00e8 un&#8217;erba estremamente apprezzata nella medicina popolare ed \u00e8 persino considerata una delle piante pi\u00f9 medicinali del nostro pianeta. Anche il profeta Maometto era d&#8217;accordo con questo, dicendo che il cumino nero protegge da tutte le malattie, tranne che dalla morte. Il seme di cumino nero contiene anche calcio, fosforo, ferro, rame, zinco e vitamine C, B1, B3, B6 e acido folico. Si tratta di un&#8217;interazione reciproca estremamente complessa di sostanze ed \u00e8 proprio questo che conferisce a questa spezia un potere curativo eccezionale e vario. I nostri antenati non giuravano sul cumino nero, ma \u00e8 rimasta un&#8217;erba importante anche per i guaritori moderni.    <\/p>\n\n<p><strong>OLIO DI SPINACCI<\/strong><\/p>\n\n<p>L&#8217;olio dai semi o dalla polpa del frutto \u00e8 apprezzato per la cura della pelle secca, accelera la guarigione di ferite e tagli e lenisce la pelle irritata. L&#8217;olio dai frutti di olivello spinoso ha un effetto antinfiammatorio, antibatterico e protegge la nostra pelle dalle influenze ambientali. Viene utilizzato anche per curare le ustioni e per la cura post-operatoria (cura delle cicatrici).  <\/p>\n\n<p><strong>MIELE<\/strong><\/p>\n\n<p>Il miele \u00e8 sicuramente uno degli additivi pi\u00f9 efficaci e quindi pi\u00f9 comuni nei cosmetici. Ha un effetto antibatterico, accelera l&#8217;assorbimento e il mantenimento dell&#8217;umidit\u00e0 e contiene antiossidanti. La pelle pu\u00f2 assorbirlo rapidamente e facilmente. Nutre gli strati muscolari con glicogeno e l&#8217;igroscopicit\u00e0 gli consente di assorbire le secrezioni cutanee. L&#8217;effetto disinfettante e curativo del miele \u00e8 ampiamente noto e scientificamente provato e, in quanto prodotto naturale, il miele non ha gli effetti collaterali che hanno alcuni ingredienti artificiali.    <\/p>\n\n<div class=\"wp-block-kadence-spacer aligncenter kt-block-spacer-_a00187-02\"><div class=\"kt-block-spacer kt-block-spacer-halign-center\"><\/div><\/div>\n","protected":false},"excerpt":{"rendered":"<p>Olio intimo Li Quandisa per bambini, dalla nascita. Olio intimo naturale per la cura del tuo bambino. Il prodotto \u00e8 adatto anche per pelli molto sensibili e secche. Contiene ingredienti naturali, tra cui oli essenziali di camomilla blu, rosa damascena, legno di sandalo, miele, jojoba, olio di mandorle, olivello spinoso, olio di cumino nero e olio di girasole.   <\/p>\n<p>Per un comfort ottimale della pelle del bambino sotto il pannolino. L&#8217;olio \u00e8 adatto anche per la cura della pelle dei bambini pi\u00f9 grandi. Protegge e nutre la pelle del bambino.  <\/p>\n","protected":false},"featured_media":1607,"comment_status":"open","ping_status":"closed","template":"","meta":{"_acf_changed":false,"inline_featured_image":false},"product_brand":[],"product_cat":[260,261],"product_tag":[],"class_list":{"0":"post-3313","1":"product","2":"type-product","3":"status-publish","4":"has-post-thumbnail","6":"product_cat-cura-intima","7":"product_cat-li-quandisa-it","8":"post","9":"ws-product--style-1","11":"first","12":"instock","13":"taxable","14":"shipping-taxable","15":"purchasable","16":"product-type-simple"},"acf":[],"_links":{"self":[{"href":"https:\/\/proffshop.eu\/it\/wp-json\/wp\/v2\/product\/3313","targetHints":{"allow":["GET"]}}],"collection":[{"href":"https:\/\/proffshop.eu\/it\/wp-json\/wp\/v2\/product"}],"about":[{"href":"https:\/\/proffshop.eu\/it\/wp-json\/wp\/v2\/types\/product"}],"replies":[{"embeddable":true,"href":"https:\/\/proffshop.eu\/it\/wp-json\/wp\/v2\/comments?post=3313"}],"wp:featuredmedia":[{"embeddable":true,"href":"https:\/\/proffshop.eu\/it\/wp-json\/wp\/v2\/media\/1607"}],"wp:attachment":[{"href":"https:\/\/proffshop.eu\/it\/wp-json\/wp\/v2\/media?parent=3313"}],"wp:term":[{"taxonomy":"product_brand","embeddable":true,"href":"https:\/\/proffshop.eu\/it\/wp-json\/wp\/v2\/product_brand?post=3313"},{"taxonomy":"product_cat","embeddable":true,"href":"https:\/\/proffshop.eu\/it\/wp-json\/wp\/v2\/product_cat?post=3313"},{"taxonomy":"product_tag","embeddable":true,"href":"https:\/\/proffshop.eu\/it\/wp-json\/wp\/v2\/product_tag?post=3313"}],"curies":[{"name":"wp","href":"https:\/\/api.w.org\/{rel}","templated":true}]}}