{"id":3317,"date":"2025-08-12T17:53:32","date_gmt":"2025-08-12T15:53:32","guid":{"rendered":"https:\/\/proffshop.eu\/izdelek\/uova-yoni\/"},"modified":"2025-08-27T17:49:23","modified_gmt":"2025-08-27T15:49:23","slug":"uova-yoni","status":"publish","type":"product","link":"https:\/\/proffshop.eu\/it\/prodotto\/uova-yoni\/","title":{"rendered":"Uova Yoni"},"content":{"rendered":"\n<p>Le imperatrici e le concubine del palazzo reale in Cina accedevano al potere sessuale con le uova, risvegliavano la sensualit\u00e0 e mantenevano un&#8217;incredibile salute e bellezza nella loro vecchiaia. Fino a poco tempo fa, questa antica pratica segreta era disponibile solo ai membri della famiglia reale e a selezionati praticanti taoisti, ma oggi si sta lentamente diffondendo anche nelle nostre zone. Creato appositamente per le donne che devono affrontare il rilassamento dei muscoli vaginali e dei muscoli del pavimento pelvico. Da un punto di vista professionale, l&#8217;uso dell&#8217;uovo funziona come gli esercizi di Kegel, che aiutano a rafforzare questi muscoli. Da un punto di vista energetico, invece, le nostre antenate credevano che allentando i muscoli vaginali si aprisse una via maggiore per il deflusso della nostra energia primaria, che si prende cura della nostra vitalit\u00e0 e giovinezza.    <\/p>\n\n<p><strong>Vantaggi dell&#8217;uso delle uova Yoni<\/strong><\/p>\n\n<ul class=\"wp-block-list\">\n<li>Con gli esercizi puoi prevenire la perdita involontaria di urina (incontinenza urinaria da sforzo)<\/li>\n\n\n\n<li>Aumenta la libido e risveglia la tua sensualit\u00e0.<\/li>\n\n\n\n<li>Aumenta la lubrificazione naturale a qualsiasi et\u00e0!<\/li>\n\n\n\n<li>Sviluppa un rapporto intimo e amorevole con la tua yoni, con tutto il corpo e, in definitiva, con te stessa.<\/li>\n\n\n\n<li>Aumenta la sensibilit\u00e0 durante il rapporto sessuale.<\/li>\n\n\n\n<li>Alcune mamme usano le uova yoni per aiutare il recupero post-parto.<\/li>\n\n\n\n<li>Acquisisci il controllo dei muscoli vaginali.<\/li>\n\n\n\n<li>Migliora i tuoi esercizi di Tantra.<\/li>\n\n\n\n<li>Alcune donne che usano le uova Yoni riferiscono di una riduzione dei sintomi della sindrome premestruale, dei crampi mestruali e della durata delle mestruazioni.<\/li>\n\n\n\n<li>Migliora la salute generale e il benessere.<\/li>\n\n\n\n<li>Mantieni la tua energia vitale nel corpo, in modo che non fuoriesca attraverso i muscoli vaginali rilassati.<\/li>\n\n\n\n<li>L&#8217;uovo di Yoni \u00e8 un antico e sacro strumento per la trasformazione spirituale. Ogni cristallo ha propriet\u00e0 uniche che possono influenzare il tuo corpo in vari modi. <\/li>\n<\/ul>\n\n<p><strong>Istruzioni per l&#8217;uso<\/strong><br\/><br\/><strong>1. Perch\u00e9 usare le uova yoni?<\/strong><\/p>\n\n<p>Le uova Yoni non sono solo per le donne che hanno muscoli vaginali indeboliti. La maggior parte delle donne trae beneficio dall&#8217;uso delle uova Yoni per rafforzare i muscoli vaginali. Proprio come una dieta sana, lo yoga e l&#8217;esercizio fisico nella nostra vita rafforzano il nostro corpo, il rafforzamento dei muscoli vaginali \u00e8 il risultato dell&#8217;ALLENAMENTO e non \u00e8 un progetto una tantum. Essere consapevoli di questo ed esercitarsi pu\u00f2 giovarci in ogni periodo della nostra vita. Dalla prima giovinezza, quando ci aiuta a connetterci e a capire la nostra yoni, fino all&#8217;et\u00e0 avanzata, quando ci aiuta a prevenire l&#8217;atrofia vaginale, la mancanza di umidit\u00e0 e il prolasso uterino. L&#8217;esercizio regolare con le uova yoni ti aiuta a isolare i muscoli vaginali, accelera la circolazione sanguigna e aumenta la tua libido. E questo \u00e8 solo l&#8217;inizio.      <br\/><br\/><strong>2. Come scegliere l&#8217;uovo yoni della giusta dimensione?<\/strong><\/p>\n\n<p>Ci sono molte dimensioni di uova yoni tra cui scegliere. All&#8217;inizio \u00e8 sempre consigliabile scegliere una dimensione pi\u00f9 grande, perch\u00e9 sar\u00e0 pi\u00f9 facile sentirla e imparare a tenerla con i muscoli vaginali. Dopo un po&#8217; \u00e8 bene sostituirla con una pi\u00f9 piccola; pi\u00f9 piccolo \u00e8 l&#8217;uovo yoni, pi\u00f9 difficile \u00e8 tenerlo con i muscoli e di conseguenza li rafforzi di pi\u00f9. Naturalmente, puoi sempre fare esercizi solo con un uovo di una dimensione.   <br\/><br\/><strong>3. Abbiamo scelto per voi il quarzo rosa. Perch\u00e9? <\/strong><\/p>\n\n<p>\u00c8 un cristallo d&#8217;amore e ha potenti vibrazioni di amore, calore e felicit\u00e0. Quando lo indossiamo, diventiamo pi\u00f9 sicuri di noi stessi. Porta sicurezza emotiva ed espressione spontanea dell&#8217;amore. Elimina il risentimento, la rabbia e ci incoraggia al perdono. Simboleggia l&#8217;amore per se stessi.    <br\/><br\/><strong>Sul quarzo rosa<\/strong><\/p>\n\n<p>Ogni uovo \u00e8 fatto di cristallo di quarzo rosa naturale al 100%, che conosciamo come la pietra dell&#8217;amore. Arricchisce la tua relazione con energia d&#8217;amore positiva. Promuove anche la compassione e il perdono, calma, ci aiuta a rilasciare rabbia, risentimento, invidia e paure accumulate. Il quarzo rosa \u00e8 anche conosciuto come &#8220;quarzo rosa&#8221; o cristallo dell&#8217;amore. Prende il nome dal suo colore rosa. Si trova in diverse tonalit\u00e0 di rosa, dal rosa scuro al rosa chiaro, quasi bianco. Gli antichi Greci attribuivano questo cristallo alla dea Afrodite e collegavano il suo significato alla bellezza e all&#8217;amore. Credevano che con esso una persona potesse raggiungere l&#8217;armonia interiore e la soddisfazione.       <br\/><br\/><strong>Quarzo rosa e spiritualit\u00e0<\/strong><\/p>\n\n<p>Il quarzo rosa rafforza il funzionamento del chakra del cuore. Stabilisce una connessione armoniosa tra anima e corpo. Ci insegna l&#8217;equilibrio tra l&#8217;accettazione e il dare amore incondizionato sia a noi stessi che agli altri. Lo squilibrio del chakra del cuore si manifesta attraverso emozioni negative come tristezza, rabbia, vendetta, paura, ottundimento emotivo, gelosia e sfiducia.   <br\/><br\/><strong>Uso \/ Inserimento dell&#8217;uovo Joni<\/strong><\/p>\n\n<p>Prima di iniziare, \u00e8 sempre necessario pulire prima il tuo uovo Joni. Prima del primo utilizzo e di ogni ulteriore utilizzo, lava l&#8217;uovo con un sapone intimo naturale e sotto acqua corrente calda (ti consigliamo il sapone intimo oleoso Li Quandisa). Dopo ogni utilizzo, rimuovi il filo. Sciacqua l&#8217;uovo sotto acqua tiepida corrente. Sciacqua l&#8217;apertura con particolare cura. Asciugalo all&#8217;aria o puliscilo con un panno pulito. Prima di riporlo nella scatola, deve essere completamente asciutto. Attaccalo al filo che hai ricevuto nella confezione insieme all&#8217;uovo, per una pi\u00f9 facile rimozione successiva (come un tampone). Quando diventerai pi\u00f9 abile con l&#8217;uovo, non avrai pi\u00f9 bisogno del filo. Per facilitare lo scivolamento dell&#8217;uovo nella vagina, ti consigliamo di ungere l&#8217;uovo o la vagina con l&#8217;olio nutriente intimo Li Quandisa, che faciliter\u00e0 molto l&#8217;inserimento. Sar\u00e0 pi\u00f9 facile inserirlo in posizione sdraiata, con il bacino rivolto verso il soffitto. Inserirlo con la parte pi\u00f9 larga in avanti (il filo \u00e8 legato sul lato pi\u00f9 stretto) e, ruotando attorno all&#8217;apertura vaginale, spingi delicatamente l&#8217;uovo nella vagina. Se hai difficolt\u00e0 a inserirlo, leggi questo.<br\/><br\/>Quando l&#8217;uovo \u00e8 dentro di te, siediti dritto sul bordo di una sedia. Se riesci a tenere facilmente l&#8217;uovo dentro di te senza stringere, alzati. Se riesci a tenerlo in piedi, cammina per l&#8217;appartamento. Se riesci a camminare con l&#8217;uovo, i tuoi muscoli sono abbastanza forti per gli esercizi Joni.   <\/p>\n\n<figure class=\"wp-block-image size-full is-resized\"><img loading=\"lazy\" decoding=\"async\" src=\"https:\/\/www.proffshop.eu\/wp-content\/uploads\/2022\/04\/yoni-jajcka-4.jpg\" alt=\"yoni-jajcka-4\" class=\"wp-image-456\" width=\"750\" height=\"491\"\/><\/figure>\n\n<p>Scegli la forma di esercizio pi\u00f9 adatta A causa del suo peso, l&#8217;uovo yoni stesso funge da peso, quindi i tuoi muscoli funzioneranno anche se non fai gli esercizi di Kegel e lo indossi semplicemente dentro di te. Naturalmente, l&#8217;effetto sar\u00e0 maggiore quando stringi e rilasci consapevolmente i muscoli vaginali. <\/p>\n\n<figure class=\"wp-block-image size-full is-resized\"><img loading=\"lazy\" decoding=\"async\" src=\"https:\/\/www.proffshop.eu\/wp-content\/uploads\/2022\/04\/yoni-jajcka-uporaba.jpg\" alt=\"yoni-jajcka-uporaba\" class=\"wp-image-453\" width=\"750\" height=\"707\"\/><\/figure>\n\n<p>Se riesci a tenere l&#8217;uovo in vagina senza difficolt\u00e0, puoi ovviamente tenerlo pi\u00f9 a lungo e svolgere senza problemi i tuoi impegni quotidiani, ma al massimo 10 ore al giorno. Non andare a dormire con l&#8217;uovo. <\/p>\n\n<p><strong>Ingredienti<\/strong><\/p>\n\n<p>Set di 3 uova in diverse dimensioni: il set contiene tutte e 3 le dimensioni, quindi \u00e8 adatto a tutte le utenti: L \u2013 uovo grande (45 x 30 mm), M \u2013 dimensione media (40 x 25 mm), S \u2013 uovo piccolo (30 x 20 mm) (+\/\u20132 mm) in quarzo rosa naturale. Non importa se sei gi\u00e0 un&#8217;utente esperta o una principiante con muscoli dell&#8217;amore deboli, questo uovo yoni \u00e8 adatto anche a te. Completamente sicuro da usare: uova fatte a mano, lucidate a specchio. Nella produzione non vengono utilizzati processi chimici o coloranti. Il quarzo rosa, noto come cristallo con principi attivi curativi, \u00e8 di origine naturale al 100%, non \u00e8 poroso ed \u00e8 molto pi\u00f9 sicuro del silicone o del metallo.    <br\/><br\/><strong>Avviso importante<\/strong><\/p>\n\n<p>Usi l&#8217;uovo Yoni a tuo rischio e pericolo. Noi di Luxury intimate non offriamo l&#8217;uovo Yoni con l&#8217;intento di curare o prevenire qualsiasi malattia o condizione medica. Offriamo le uova Yoni solo per il loro uso storicamente documentato per rafforzare i muscoli vaginali e per gli effetti benefici portati anche dalle vibrazioni energetiche. Le informazioni sull&#8217;uovo Yoni e i suoi effetti sono di natura generale e non sostituiscono il consiglio di un ginecologo o di altri operatori sanitari, come medico, infermiere, farmacista, ecc. Se hai problemi di salute o dubbi sull&#8217;uso dell&#8217;uovo Yoni, consulta il tuo ginecologo prima dell&#8217;uso. Non usare l&#8217;uovo se sei incinta, hai un&#8217;infezione vaginale o indossi un dispositivo intrauterino.     <\/p>\n","protected":false},"excerpt":{"rendered":"<p>Yoni nell&#8217;antica lingua indiana sanscrito significa vagina o origine, santuario. Le donne usano l&#8217;uovo Yoni da millenni per nutrire l&#8217;energia sessuale, la salute riproduttiva e per mantenere la giovinezza e la longevit\u00e0. Con il suo utilizzo, le donne mantenevano la vagina e gli organi riproduttivi in uno stato giovanile anche in et\u00e0 avanzata. Originario del tempo delle sagge donne spirituali cinesi, delle Tigri Bianche e delle sacerdotesse taoiste, le donne usano le uova Yoni da 3.500 anni per mantenere la salute degli organi sessuali e quindi prolungare la giovinezza, la bellezza e la vitalit\u00e0, mentre scivoliamo gradualmente nella vecchiaia.   <\/p>\n","protected":false},"featured_media":1619,"comment_status":"open","ping_status":"closed","template":"","meta":{"_acf_changed":false,"inline_featured_image":false},"product_brand":[],"product_cat":[260,261],"product_tag":[],"class_list":{"0":"post-3317","1":"product","2":"type-product","3":"status-publish","4":"has-post-thumbnail","6":"product_cat-cura-intima","7":"product_cat-li-quandisa-it","8":"post","9":"ws-product--style-1","11":"first","12":"instock","13":"taxable","14":"shipping-taxable","15":"purchasable","16":"product-type-simple"},"acf":[],"_links":{"self":[{"href":"https:\/\/proffshop.eu\/it\/wp-json\/wp\/v2\/product\/3317","targetHints":{"allow":["GET"]}}],"collection":[{"href":"https:\/\/proffshop.eu\/it\/wp-json\/wp\/v2\/product"}],"about":[{"href":"https:\/\/proffshop.eu\/it\/wp-json\/wp\/v2\/types\/product"}],"replies":[{"embeddable":true,"href":"https:\/\/proffshop.eu\/it\/wp-json\/wp\/v2\/comments?post=3317"}],"wp:featuredmedia":[{"embeddable":true,"href":"https:\/\/proffshop.eu\/it\/wp-json\/wp\/v2\/media\/1619"}],"wp:attachment":[{"href":"https:\/\/proffshop.eu\/it\/wp-json\/wp\/v2\/media?parent=3317"}],"wp:term":[{"taxonomy":"product_brand","embeddable":true,"href":"https:\/\/proffshop.eu\/it\/wp-json\/wp\/v2\/product_brand?post=3317"},{"taxonomy":"product_cat","embeddable":true,"href":"https:\/\/proffshop.eu\/it\/wp-json\/wp\/v2\/product_cat?post=3317"},{"taxonomy":"product_tag","embeddable":true,"href":"https:\/\/proffshop.eu\/it\/wp-json\/wp\/v2\/product_tag?post=3317"}],"curies":[{"name":"wp","href":"https:\/\/api.w.org\/{rel}","templated":true}]}}