{"id":3331,"date":"2025-08-12T17:55:16","date_gmt":"2025-08-12T15:55:16","guid":{"rendered":"https:\/\/proffshop.eu\/izdelek\/gocce-di-canapa-al-20-di-cbd\/"},"modified":"2026-02-04T15:06:23","modified_gmt":"2026-02-04T13:06:23","slug":"gocce-di-canapa-al-20-di-cbd","status":"publish","type":"product","link":"https:\/\/proffshop.eu\/it\/prodotto\/gocce-di-canapa-al-20-di-cbd\/","title":{"rendered":"Gocce di canapa al 20% di CBD"},"content":{"rendered":"\n<p><strong>Le gocce di CBD 20% vantano un alto contenuto di vitamine del gruppo B<\/strong><br\/>L&#8217;estratto di canapa nelle gocce di CBD 20% si ottiene dall&#8217;estrazione dalle foglie di canapa. Durante l&#8217;estrazione dell&#8217;estratto di canapa, evitiamo le alte temperature, perch\u00e9 solo cos\u00ec possiamo preservare lo spettro pi\u00f9 ampio di cannabinoidi, terpeni e altri principi attivi benefici della canapa. L&#8217;olio di canapa spremuto a freddo contiene l&#8217;80% di acidi grassi essenziali con un rapporto ideale di omega 3 e omega 6. L&#8217;olio di canapa \u00e8 ricco di vitamina D e vitamina E e vanta anche un alto contenuto di vitamine del gruppo B.   <\/p>\n\n<p><strong>Gocce di canapa al 20% per supportare importanti funzioni vitali come il sistema immunitario<\/strong><br\/>Le gocce di canapa al 20% sono particolarmente adatte a coloro che hanno appena iniziato a conoscere i prodotti a base di canapa e a tutti coloro che desiderano fornire al proprio corpo un apporto regolare di cannabinoidi in modo semplice per supportare importanti funzioni vitali come il sistema immunitario e altri.<\/p>\n\n<p>Le gocce di canapa CBD contengono il 20% ovvero 2000 mg di cannabinoide CBD (cannabidiolo). <\/p>\n\n<p><strong>Contiene 2000 mg di estratto a spettro completo<\/strong><br\/>Contiene circa 4000 mg di estratto di canapa a spettro completo (full spectrum) con un contenuto di 2000 mg di cannabinoide cannabidiolo (CBD) ottenuto da foglie di canapa slovena. Pur garantendo la quantit\u00e0 precisa di cannabidiolo CBD (come indicato sulla dichiarazione stessa), la quantit\u00e0 di estratto a spettro completo nel prodotto pu\u00f2 variare leggermente. I prodotti Agrosloven\u2122 sono realizzati con il nostro estratto di canapa, dove la concentrazione di cannabidiolo CBD varia a seconda della variet\u00e0, del raccolto, ecc.  <\/p>\n\n<p><strong>Il sistema endocannabinoide influenza, tra le altre cose, la regolazione del sonno, dell&#8217;umore e della temperatura corporea<\/strong><br\/>I cannabinoidi ottenuti dalla pianta di canapa influenzano il sistema endocannabinoide nel nostro corpo, che svolge un ruolo molto importante nella regolazione di numerose funzioni e processi nell&#8217;organismo. Tra le altre cose, influenza la regolazione di: <\/p>\n\n<ul class=\"wp-block-list\">\n<li>sonno<\/li>\n\n\n\n<li>umore<\/li>\n\n\n\n<li>temperatura corporea<\/li>\n\n\n\n<li>memoria<\/li>\n\n\n\n<li>funzioni motorie<\/li>\n\n\n\n<li>informazioni muscolari<\/li>\n\n\n\n<li>sistema cardiovascolare<\/li>\n\n\n\n<li>appetito<\/li>\n\n\n\n<li>funzioni della pelle<\/li>\n\n\n\n<li>fertilit\u00e0 (processi ormonali)\u2026<\/li>\n<\/ul>\n\n<p>Conservare in luogo fresco o a temperatura ambiente e non esporre alla luce solare. Tenere fuori dalla portata dei bambini! <\/p>\n\n<p>Il prodotto \u00e8 realizzato con materie prime coltivate in Slovenia.<\/p>\n\n<p>Ingredienti<br\/>\u2022 Olio di semi di canapa (Cannabis sativa seed oil),<br\/>\u2022 estratto di foglie di canapa (Cannabis sativa L).<br\/><br\/>Uso<br\/>\u2022 Agitare bene le gocce di canapa CBD Agrosloven\u2122 prima dell&#8217;uso. Spremere la parte in gomma del contagocce per riempirlo con la soluzione di CBD. Spremere la quantit\u00e0 desiderata sotto la lingua e attendere almeno 10-20 secondi affinch\u00e9 i cannabinoidi vengano assorbiti il pi\u00f9 possibile nella mucosa. Dal punto di vista dell&#8217;igiene, si raccomanda il minor contatto possibile tra la bocca e il contagocce durante l&#8217;uso. In questo caso, sciacquare il contagocce o pulirlo con una salvietta imbevuta di alcol. L&#8217;assunzione giornaliera raccomandata \u00e8 di 2 mg di CBD al giorno.     <\/p>\n","protected":false},"excerpt":{"rendered":"<p>Le gocce di CBD 20% Agrosloven\u2122 contengono estratto di canapa industriale ricco di cannabidiolo CBD, disciolto in olio di canapa spremuto a freddo.<\/p>\n","protected":false},"featured_media":2435,"comment_status":"open","ping_status":"closed","template":"","meta":{"_acf_changed":false,"inline_featured_image":false},"product_brand":[],"product_cat":[290,258,137],"product_tag":[],"class_list":{"0":"post-3331","1":"product","2":"type-product","3":"status-publish","4":"has-post-thumbnail","6":"product_cat-agrosloven-it","7":"product_cat-cbd-it","8":"product_cat-marchi","9":"post","10":"ws-product--style-1","12":"first","13":"instock","14":"taxable","15":"shipping-taxable","16":"purchasable","17":"product-type-simple"},"acf":[],"_links":{"self":[{"href":"https:\/\/proffshop.eu\/it\/wp-json\/wp\/v2\/product\/3331","targetHints":{"allow":["GET"]}}],"collection":[{"href":"https:\/\/proffshop.eu\/it\/wp-json\/wp\/v2\/product"}],"about":[{"href":"https:\/\/proffshop.eu\/it\/wp-json\/wp\/v2\/types\/product"}],"replies":[{"embeddable":true,"href":"https:\/\/proffshop.eu\/it\/wp-json\/wp\/v2\/comments?post=3331"}],"wp:featuredmedia":[{"embeddable":true,"href":"https:\/\/proffshop.eu\/it\/wp-json\/wp\/v2\/media\/2435"}],"wp:attachment":[{"href":"https:\/\/proffshop.eu\/it\/wp-json\/wp\/v2\/media?parent=3331"}],"wp:term":[{"taxonomy":"product_brand","embeddable":true,"href":"https:\/\/proffshop.eu\/it\/wp-json\/wp\/v2\/product_brand?post=3331"},{"taxonomy":"product_cat","embeddable":true,"href":"https:\/\/proffshop.eu\/it\/wp-json\/wp\/v2\/product_cat?post=3331"},{"taxonomy":"product_tag","embeddable":true,"href":"https:\/\/proffshop.eu\/it\/wp-json\/wp\/v2\/product_tag?post=3331"}],"curies":[{"name":"wp","href":"https:\/\/api.w.org\/{rel}","templated":true}]}}