{"id":3347,"date":"2025-08-12T17:55:05","date_gmt":"2025-08-12T15:55:05","guid":{"rendered":"https:\/\/proffshop.eu\/izdelek\/pacchetto-con-i-nostri-vincitori\/"},"modified":"2026-02-04T15:06:22","modified_gmt":"2026-02-04T13:06:22","slug":"pacchetto-con-i-nostri-vincitori","status":"publish","type":"product","link":"https:\/\/proffshop.eu\/it\/prodotto\/pacchetto-con-i-nostri-vincitori\/","title":{"rendered":"Pacchetto con i nostri vincitori"},"content":{"rendered":"&#13;\n<p><strong>Il pacchetto contiene i seguenti prodotti:<\/strong><\/p>&#13;\n\r\n<ul class=\"wp-block-list\">&#13;\n<li><strong><a href=\"https:\/\/www.proffshop.eu\/izdelek\/li-quandisa-30ml\/\">Olio intimo Li Quandisa 30 ml<\/a><\/strong><\/li>&#13;\n\r\n\r\n&#13;\n<li><strong><a href=\"https:\/\/www.proffshop.eu\/izdelek\/carovnija-v-steklenicki-z-modrim-lotusom-50ml\/\">Siero Oleoso LOTO BLU<\/a><\/strong><\/li>&#13;\n<\/ul>\r\n","protected":false},"excerpt":{"rendered":"<p><strong>Olio intimo Li Quandisa 30ml + Siero oleoso LOTUS BLU<\/strong><\/p>\n<p>L&#8217;olio intimo Li Quandisa \u00e8 ormai ben noto a quasi tutti, e il siero oleoso Li Quandisa con loto blu, che, nonostante sia ancora una novit\u00e0, entusiasma noi e i nostri clienti per la sua versatilit\u00e0. La tua pelle ti sar\u00e0 pi\u00f9 che grata. <\/p>\n","protected":false},"featured_media":2269,"comment_status":"open","ping_status":"closed","template":"","meta":{"_acf_changed":false,"inline_featured_image":false},"product_brand":[],"product_cat":[260,261],"product_tag":[],"class_list":{"0":"post-3347","1":"product","2":"type-product","3":"status-publish","4":"has-post-thumbnail","6":"product_cat-cura-intima","7":"product_cat-li-quandisa-it","8":"post","9":"ws-product--style-1","11":"first","12":"instock","13":"taxable","14":"shipping-taxable","15":"purchasable","16":"product-type-simple"},"acf":[],"_links":{"self":[{"href":"https:\/\/proffshop.eu\/it\/wp-json\/wp\/v2\/product\/3347","targetHints":{"allow":["GET"]}}],"collection":[{"href":"https:\/\/proffshop.eu\/it\/wp-json\/wp\/v2\/product"}],"about":[{"href":"https:\/\/proffshop.eu\/it\/wp-json\/wp\/v2\/types\/product"}],"replies":[{"embeddable":true,"href":"https:\/\/proffshop.eu\/it\/wp-json\/wp\/v2\/comments?post=3347"}],"wp:featuredmedia":[{"embeddable":true,"href":"https:\/\/proffshop.eu\/it\/wp-json\/wp\/v2\/media\/2269"}],"wp:attachment":[{"href":"https:\/\/proffshop.eu\/it\/wp-json\/wp\/v2\/media?parent=3347"}],"wp:term":[{"taxonomy":"product_brand","embeddable":true,"href":"https:\/\/proffshop.eu\/it\/wp-json\/wp\/v2\/product_brand?post=3347"},{"taxonomy":"product_cat","embeddable":true,"href":"https:\/\/proffshop.eu\/it\/wp-json\/wp\/v2\/product_cat?post=3347"},{"taxonomy":"product_tag","embeddable":true,"href":"https:\/\/proffshop.eu\/it\/wp-json\/wp\/v2\/product_tag?post=3347"}],"curies":[{"name":"wp","href":"https:\/\/api.w.org\/{rel}","templated":true}]}}