{"id":3386,"date":"2025-08-12T17:54:09","date_gmt":"2025-08-12T17:54:09","guid":{"rendered":"https:\/\/proffshop.eu\/izdelek\/spazzolino-da-denti-a-ultrasuoni-megasonex-m8\/"},"modified":"2026-01-03T00:18:10","modified_gmt":"2026-01-02T22:18:10","slug":"spazzolino-da-denti-a-ultrasuoni-megasonex-m8","status":"publish","type":"product","link":"https:\/\/proffshop.eu\/it\/prodotto\/spazzolino-da-denti-a-ultrasuoni-megasonex-m8\/","title":{"rendered":"Spazzolino da denti a ultrasuoni Megasonex M8"},"content":{"rendered":"\n<p>Gli ultrasuoni sono la tua arma segreta nella lotta contro la placca. Il Megacrystal\u2122 proprietario di MEGASONEX\u00ae funziona a una frequenza terapeutica sicura a bassa potenza di 1,6 MHz = 1.600.000 Hertz (cicli al secondo) = 96.000.000 di impulsi al minuto, simile alla frequenza utilizzata per accelerare la guarigione delle fratture ossee. I tipici spazzolini da denti &#8220;sonici&#8221; hanno movimenti delle setole da 15 a 40 mila movimenti al minuto o da 125 a 333 Hertz, ovvero circa 4800 volte in meno. La tecnologia a ultrasuoni implementata dallo spazzolino da denti MEGASONEX\u00ae \u00e8 stata approvata dalla FDA per l&#8217;uso nell&#8217;igiene orale nei primi anni Novanta.   <\/p>\n\n<p>Lo spazzolino da denti a ultrasuoni Megasonex \u00e8 delicato, efficace e preciso: MEGASONEX ha una tecnologia a ultrasuoni brevettata. Pulisce i denti con 96.000.000 di impulsi al minuto. Lo spazzolino a ultrasuoni MEGASONEX ha una testina piccola, quindi puoi raggiungere anche i punti pi\u00f9 difficili da raggiungere nella cavit\u00e0 orale.  <\/p>\n\n<p>Per l&#8217;igiene orale quotidiana.<\/p>\n\n<p>Garanzia: 2 anni di garanzia del produttore<\/p>\n\n<div class=\"wp-block-kadence-iconlist kt-svg-icon-list-items kt-svg-icon-list-items_35ae58-42 kt-svg-icon-list-columns-1 alignnone kt-list-icon-aligntop\"><ul class=\"kt-svg-icon-list\"><li class=\"kt-svg-icon-list-style-default kt-svg-icon-list-item-wrap kt-svg-icon-list-item-0 kt-svg-icon-list-level-0\"><div style=\"display:inline-flex;justify-content:center;align-items:center;color:var(--theme-palette-color-1, #745614)\" class=\"kt-svg-icon-list-single kt-svg-icon-list-single-fe_checkCircle\"><svg xmlns=\"http:\/\/www.w3.org\/2000\/svg\" style=\"display:inline-block;vertical-align:middle\" viewbox=\"0 0 24 24\" height=\"20\" width=\"20\" fill=\"none\" stroke=\"currentColor\" stroke-width=\"2\" stroke-linecap=\"round\" stroke-linejoin=\"round\" aria-hidden=\"true\"><path d=\"M22 11.08V12a10 10 0 1 1-5.93-9.14\"><\/path><polyline points=\"22 4 12 14.01 9 11.01\"><\/polyline><\/svg><\/div><span class=\"kt-svg-icon-list-text\">ALTAMENTE EFFICACE: lo spazzolino da denti Megasonex con tecnologia a ultrasuoni brevettata garantisce una pulizia efficace dei denti con 96.000.000 di impulsi al minuto<\/span><\/li><li class=\"kt-svg-icon-list-style-default kt-svg-icon-list-item-wrap kt-svg-icon-list-item-1 kt-svg-icon-list-level-0\"><div style=\"display:inline-flex;justify-content:center;align-items:center;color:var(--theme-palette-color-1, #745614)\" class=\"kt-svg-icon-list-single kt-svg-icon-list-single-fe_checkCircle\"><svg xmlns=\"http:\/\/www.w3.org\/2000\/svg\" style=\"display:inline-block;vertical-align:middle\" viewbox=\"0 0 24 24\" height=\"20\" width=\"20\" fill=\"none\" stroke=\"currentColor\" stroke-width=\"2\" stroke-linecap=\"round\" stroke-linejoin=\"round\" aria-hidden=\"true\"><path d=\"M22 11.08V12a10 10 0 1 1-5.93-9.14\"><\/path><polyline points=\"22 4 12 14.01 9 11.01\"><\/polyline><\/svg><\/div><span class=\"kt-svg-icon-list-text\">DELICATO &amp; EFFICACE: lo spazzolino elettrico \u00e8 particolarmente delicato su denti e gengive e rimuove a fondo la placca da denti e spazi interdentali con ultrasuoni efficaci e 3 modalit\u00e0 aggiuntive di vibrazione sonora<\/span><\/li><li class=\"kt-svg-icon-list-style-default kt-svg-icon-list-item-wrap kt-svg-icon-list-item-2 kt-svg-icon-list-level-0\"><div style=\"display:inline-flex;justify-content:center;align-items:center;color:var(--theme-palette-color-1, #745614)\" class=\"kt-svg-icon-list-single kt-svg-icon-list-single-fe_checkCircle\"><svg xmlns=\"http:\/\/www.w3.org\/2000\/svg\" style=\"display:inline-block;vertical-align:middle\" viewbox=\"0 0 24 24\" height=\"20\" width=\"20\" fill=\"none\" stroke=\"currentColor\" stroke-width=\"2\" stroke-linecap=\"round\" stroke-linejoin=\"round\" aria-hidden=\"true\"><path d=\"M22 11.08V12a10 10 0 1 1-5.93-9.14\"><\/path><polyline points=\"22 4 12 14.01 9 11.01\"><\/polyline><\/svg><\/div><span class=\"kt-svg-icon-list-text\">CONTENUTO: Oltre allo spazzolino elettrico a ultrasuoni, il set include una stazione di ricarica con alimentatore, 2 testine e istruzioni per l&#8217;uso.<\/span><\/li><li class=\"kt-svg-icon-list-style-default kt-svg-icon-list-item-wrap kt-svg-icon-list-item-3 kt-svg-icon-list-level-0\"><div style=\"display:inline-flex;justify-content:center;align-items:center;color:var(--theme-palette-color-1, #745614)\" class=\"kt-svg-icon-list-single kt-svg-icon-list-single-fe_checkCircle\"><svg xmlns=\"http:\/\/www.w3.org\/2000\/svg\" style=\"display:inline-block;vertical-align:middle\" viewbox=\"0 0 24 24\" height=\"20\" width=\"20\" fill=\"none\" stroke=\"currentColor\" stroke-width=\"2\" stroke-linecap=\"round\" stroke-linejoin=\"round\" aria-hidden=\"true\"><path d=\"M22 11.08V12a10 10 0 1 1-5.93-9.14\"><\/path><polyline points=\"22 4 12 14.01 9 11.01\"><\/polyline><\/svg><\/div><span class=\"kt-svg-icon-list-text\">CONFORTEVOLE: La pratica custodia rende il set adatto anche per i viaggi.<\/span><\/li><li class=\"kt-svg-icon-list-style-default kt-svg-icon-list-item-wrap kt-svg-icon-list-item-4 kt-svg-icon-list-level-0\"><div style=\"display:inline-flex;justify-content:center;align-items:center;color:var(--theme-palette-color-1, #745614)\" class=\"kt-svg-icon-list-single kt-svg-icon-list-single-fe_checkCircle\"><svg xmlns=\"http:\/\/www.w3.org\/2000\/svg\" style=\"display:inline-block;vertical-align:middle\" viewbox=\"0 0 24 24\" height=\"20\" width=\"20\" fill=\"none\" stroke=\"currentColor\" stroke-width=\"2\" stroke-linecap=\"round\" stroke-linejoin=\"round\" aria-hidden=\"true\"><path d=\"M22 11.08V12a10 10 0 1 1-5.93-9.14\"><\/path><polyline points=\"22 4 12 14.01 9 11.01\"><\/polyline><\/svg><\/div><span class=\"kt-svg-icon-list-text\">BATTERIA A LUNGA DURATA: La megabatteria di alta qualit\u00e0 dello spazzolino a ultrasuoni dura almeno 2 settimane con un utilizzo di due volte al giorno<\/span><\/li><\/ul><\/div>\n","protected":false},"excerpt":{"rendered":"<p><!-- wp:paragraph --><\/p>\n<p><strong>Presentiamo MEGASONEX\u00ae\u2014Spazzolino da denti a ultrasuoni\u2122<\/strong><\/p>\n<p><!-- \/wp:paragraph --><\/p>\n<p><!-- wp:paragraph --><\/p>\n<p><strong>Ultra delicato. Mega pulito.\u2122 <\/strong><\/p>\n<p><!-- \/wp:paragraph --><\/p>\n<p>Immagina uno spazzolino da denti cos\u00ec potente da effettuare 192.000.000 di movimenti al minuto, ma che, grazie alla sua bassa ampiezza, \u00e8 tra gli spazzolini da denti pi\u00f9 delicati della sua categoria. Immagina uno spazzolino da denti che combini il suo effetto terapeutico a ultrasuoni da 1,6 MHz con un convenzionale spazzolino sonico in una combinazione impareggiabile per la pulizia dei denti. Immagina uno spazzolino da denti progettato come un&#8217;estensione della mano, creato appositamente per pulire i punti pi\u00f9 difficili da raggiungere nella bocca. Immagina uno spazzolino da denti di altissima qualit\u00e0, un capolavoro tecnico anni luce avanti.   <\/p>\n","protected":false},"featured_media":1736,"comment_status":"open","ping_status":"closed","template":"","meta":{"_acf_changed":false,"inline_featured_image":false},"product_brand":[],"product_cat":[105,277],"product_tag":[],"class_list":{"0":"post-3386","1":"product","2":"type-product","3":"status-publish","4":"has-post-thumbnail","6":"product_cat-cura-dentale","7":"product_cat-megasonex-it","8":"post","9":"ws-product--style-1","11":"first","12":"instock","13":"featured","14":"taxable","15":"shipping-taxable","16":"purchasable","17":"product-type-simple"},"acf":[],"_links":{"self":[{"href":"https:\/\/proffshop.eu\/it\/wp-json\/wp\/v2\/product\/3386","targetHints":{"allow":["GET"]}}],"collection":[{"href":"https:\/\/proffshop.eu\/it\/wp-json\/wp\/v2\/product"}],"about":[{"href":"https:\/\/proffshop.eu\/it\/wp-json\/wp\/v2\/types\/product"}],"replies":[{"embeddable":true,"href":"https:\/\/proffshop.eu\/it\/wp-json\/wp\/v2\/comments?post=3386"}],"wp:featuredmedia":[{"embeddable":true,"href":"https:\/\/proffshop.eu\/it\/wp-json\/wp\/v2\/media\/1736"}],"wp:attachment":[{"href":"https:\/\/proffshop.eu\/it\/wp-json\/wp\/v2\/media?parent=3386"}],"wp:term":[{"taxonomy":"product_brand","embeddable":true,"href":"https:\/\/proffshop.eu\/it\/wp-json\/wp\/v2\/product_brand?post=3386"},{"taxonomy":"product_cat","embeddable":true,"href":"https:\/\/proffshop.eu\/it\/wp-json\/wp\/v2\/product_cat?post=3386"},{"taxonomy":"product_tag","embeddable":true,"href":"https:\/\/proffshop.eu\/it\/wp-json\/wp\/v2\/product_tag?post=3386"}],"curies":[{"name":"wp","href":"https:\/\/api.w.org\/{rel}","templated":true}]}}