{"id":3407,"date":"2025-08-12T17:55:15","date_gmt":"2025-08-12T15:55:15","guid":{"rendered":"https:\/\/proffshop.eu\/izdelek\/pacchetto-lash-face\/"},"modified":"2026-02-04T12:19:07","modified_gmt":"2026-02-04T10:19:07","slug":"pacchetto-lash-face","status":"publish","type":"product","link":"https:\/\/proffshop.eu\/it\/prodotto\/pacchetto-lash-face\/","title":{"rendered":"Pacchetto LASH &amp; FACE"},"content":{"rendered":"\n<p>&#8220;<strong>Pacchetto LASH &amp; FACE: Mousse Detergente, Balsamo per Ciglia e Mascara LashBOOST \u2013 Cura Completa per uno Sguardo Affascinante<\/strong><\/p>\n\n<p>Scoprite la soluzione completa per la cura delle ciglia e del viso con il nostro <strong>Pacchetto LASH &amp; FACE<\/strong>, che include tutto il necessario per un aspetto sorprendente e sano. Questo pacchetto contiene tre prodotti chiave che garantiscono una cura eccellente e risultati visibili. <\/p>\n\n<p>La <strong>Mousse Detergente LASH &amp; FACE<\/strong> \u00e8 il vostro partner quotidiano per una pulizia perfetta. Questa mousse delicata rimuove efficacemente trucco, impurit\u00e0 e sebo in eccesso, senza irritare la pelle sensibile intorno agli occhi. \u00c8 ideale per tutti i tipi di pelle, poich\u00e9 pulisce senza seccare o danneggiare.  <\/p>\n\n<p>Il <strong>Balsamo per Ciglia<\/strong> offre una cura e una protezione intensiva per le vostre ciglia. Arricchito con ingredienti nutrienti, il balsamo aiuta a rafforzare e proteggere le ciglia, prevenendone la rottura e promuovendone la salute e la forza. <\/p>\n\n<p>Il <strong>Mascara LashBOOST<\/strong> \u00e8 progettato per chi desidera ciglia lunghe e folte. La sua formula avanzata contiene un siero per stimolare la crescita, che aiuta a rafforzare le ciglia e a promuoverne la crescita. Vanta un colore intenso e una lunga durata, permettendovi di godere di uno sguardo pieno ed espressivo per tutto il giorno.  <\/p>\n\n<p><strong>Perch\u00e9 scegliere il pacchetto LASH &amp; FACE?<\/strong> Questo pacchetto vi offre tutto ci\u00f2 di cui avete bisogno per una cura completa delle ciglia e del viso in un unico set. Combina una mousse detergente di alta qualit\u00e0, un balsamo protettivo e un mascara per risultati straordinari che amerete. Non perdete questa opportunit\u00e0 per una cura completa e trasformate il vostro rituale di bellezza quotidiano in un&#8217;esperienza spensierata!&#8221;  <\/p>\n","protected":false},"excerpt":{"rendered":"<p>Pacchetto LASH &amp; FACE: Mousse Detergente, Balsamo per Ciglia e Mascara LashBOOST \u2013 Cura Completa per uno Sguardo Affascinante<\/p>\n","protected":false},"featured_media":2384,"comment_status":"open","ping_status":"closed","template":"","meta":{"_acf_changed":false,"inline_featured_image":false},"product_brand":[],"product_cat":[142,143],"product_tag":[],"class_list":{"0":"post-3407","1":"product","2":"type-product","3":"status-publish","4":"has-post-thumbnail","6":"product_cat-cura-del-viso","7":"product_cat-instalash-it","8":"post","9":"ws-product--style-1","11":"first","12":"outofstock","13":"taxable","14":"shipping-taxable","15":"purchasable","16":"product-type-simple"},"acf":[],"_links":{"self":[{"href":"https:\/\/proffshop.eu\/it\/wp-json\/wp\/v2\/product\/3407","targetHints":{"allow":["GET"]}}],"collection":[{"href":"https:\/\/proffshop.eu\/it\/wp-json\/wp\/v2\/product"}],"about":[{"href":"https:\/\/proffshop.eu\/it\/wp-json\/wp\/v2\/types\/product"}],"replies":[{"embeddable":true,"href":"https:\/\/proffshop.eu\/it\/wp-json\/wp\/v2\/comments?post=3407"}],"wp:featuredmedia":[{"embeddable":true,"href":"https:\/\/proffshop.eu\/it\/wp-json\/wp\/v2\/media\/2384"}],"wp:attachment":[{"href":"https:\/\/proffshop.eu\/it\/wp-json\/wp\/v2\/media?parent=3407"}],"wp:term":[{"taxonomy":"product_brand","embeddable":true,"href":"https:\/\/proffshop.eu\/it\/wp-json\/wp\/v2\/product_brand?post=3407"},{"taxonomy":"product_cat","embeddable":true,"href":"https:\/\/proffshop.eu\/it\/wp-json\/wp\/v2\/product_cat?post=3407"},{"taxonomy":"product_tag","embeddable":true,"href":"https:\/\/proffshop.eu\/it\/wp-json\/wp\/v2\/product_tag?post=3407"}],"curies":[{"name":"wp","href":"https:\/\/api.w.org\/{rel}","templated":true}]}}