{"id":3434,"date":"2025-09-02T12:01:32","date_gmt":"2025-09-02T10:01:32","guid":{"rendered":"https:\/\/proffshop.eu\/izdelek\/theodent-kids\/"},"modified":"2026-04-09T07:29:17","modified_gmt":"2026-04-09T05:29:17","slug":"theodent-kids","status":"publish","type":"product","link":"https:\/\/proffshop.eu\/it\/prodotto\/theodent-kids\/","title":{"rendered":"Theodent Kids"},"content":{"rendered":"\r\n\r\n\r\n<div class=\"wp-block-kadence-column kadence-column_777709-4b inner-column-1\">\r\n<div class=\"kt-inside-inner-col\">\r\n<figure class=\"wp-block-embed is-type-video is-provider-vimeo wp-block-embed-vimeo wp-embed-aspect-16-9 wp-has-aspect-ratio\">\r\n<div class=\"wp-block-embed__wrapper\">https:\/\/vimeo.com\/776098440<\/div>\r\n<\/figure>\r\n<\/div>\r\n<\/div>\r\n\r\n\r\n\r\n<div class=\"wp-block-kadence-column kadence-column_a03711-20 inner-column-2\">\r\n<div class=\"kt-inside-inner-col\"> <\/div>\r\n<\/div>\r\n&#13;\n<p><strong>ALTERNATIVA AL FLUORO:<\/strong><\/p>&#13;\n&#13;\n<p>Theodent Kids \u00e8 un dentifricio senza fluoruri, sicuro da ingerire, il che lo rende ottimo anche per neonati e adolescenti.<\/p>&#13;\n&#13;\n<p><strong>RAFFORZA I DENTI DEI BAMBINI: <\/strong><\/p>&#13;\n&#13;\n<p>L&#8217;ingrediente attivo, Rennou, aumenta la durezza dello smalto con una rapida ed efficace rimineralizzazione dello smalto.<\/p>&#13;\n&#13;\n<p><strong>GUSTOSO DENTIFRICIO AL CIOCCOLATO: <\/strong><\/p>&#13;\n&#13;\n<p>Il delicato sapore di cioccolato si fonde con la vaniglia durante lo spazzolamento per grandi sorrisi. Il dentifricio Theodent Kids \u00e8 senza zucchero, senza SLS, senza glutine, cruelty-free, vegano e senza fluoruri. <\/p>&#13;\n&#13;\n<p><strong>LA FORZA DELLA NATURA:<\/strong><\/p>&#13;\n&#13;\n<p>Rennou \u00e8 l&#8217;ingrediente attivo sicuro da ingerire in tutti i prodotti Theodent. Rennou contiene teobromina, un&#8217;incredibile composto con numerose propriet\u00e0 benefiche per la salute, derivato dalla pianta del cacao, fonte del cioccolato. <\/p>&#13;\n&#13;\n<p><strong>THEODENT \u00c8 UN PASSO AVANTI RISPETTO AGLI ALTRI: <\/strong><\/p>&#13;\n&#13;\n<p>Con la crescente preoccupazione per gli effetti dannosi del fluoruro, il dentifricio Theodent Kids offre un&#8217;alternativa ancora migliore: Rennou. In Theodent, ci impegniamo a produrre un dentifricio pi\u00f9 sicuro ed efficace per tutti. <\/p>&#13;\n&#13;\n<p>La salute orale e l&#8217;igiene sono importanti a qualsiasi et\u00e0 per ogni persona nel mondo. In Theodent lo capiamo e vogliamo creare prodotti pi\u00f9 sicuri ed efficaci per migliorare la salute orale nel mondo. La salute orale inizia con abitudini sane che impariamo da bambini. Il nostro dentifricio naturale senza fluoruri \u00e8 la nostra risposta a questo percorso di salute.   <\/p>&#13;\n&#13;\n<p>Theodent Kids \u00e8 il nostro rivoluzionario dentifricio che contiene Rennou, l&#8217;ingrediente attivo sicuro da ingerire in tutti i prodotti Theodent.<\/p>&#13;\n&#13;\n<p>Theodent Kids \u00e8 un dentifricio bianco setoso e liscio con un delicato sapore di cioccolato ed \u00e8 senza zucchero. L&#8217;ingrediente brevettato Rennou aiuta a rimineralizzare la superficie dello smalto per supportare denti forti e sani nel tuo bambino in crescita. Pu\u00f2 anche ridurre l&#8217;ipersensibilit\u00e0 orale ed \u00e8 un dentifricio sicuro per i bambini.  <\/p>&#13;\n&#13;\n<p>L&#8217;ingrediente attivo brevettato del dentifricio Theodent Kids, Rennou, ha ottenuto lo STATUS GRAS (generalmente riconosciuto come sicuro) dalla FDA. Questa designazione \u00e8 il pi\u00f9 alto standard di sicurezza alimentare delineato dalla US Food and Drug Administration. <\/p>&#13;\n&#13;\n<p>Il dentifricio Theodent Kids utilizza materie prime di altissima qualit\u00e0 e le migliori confezioni. Si trova in un tubo riciclabile e riduce la nostra impronta di carbonio. Theodent Kids \u00e8 anche senza glutine, SLS, vegano ed \u00e8 sicuro se ingerito dal tuo bambino, il che lo rende un prodotto perfetto per tutta la famiglia  <\/p>&#13;\n&#13;\n<p>I tuoi bambini meritano un dentifricio che dia loro un sorriso pulito e bello.<\/p>&#13;\n&#13;\n<p><strong>Theodent\u2122 Kids<\/strong><\/p>&#13;\n\r\n<ul class=\"wp-block-list\">&#13;\n<li>La minore concentrazione della miscela brevettata Rennou e il gusto di cioccolato nel dentifricio Theodent Kids, supporteranno efficacemente i processi naturali di restauro e rimineralizzazione dello smalto dei denti e incoraggeranno i bambini a lavarsi i denti. Con l&#8217;uso regolare, lo smalto dei denti rimarr\u00e0 forte, liscio e lucente. <\/li>&#13;\n\r\n\r\n&#13;\n<li>Il dentifricio Theodent kids contiene un contenuto di miscela Rennou brevettata di teobromina, acetato di calcio e idrogeno fosfato di sodio, adatta ai bambini, ed \u00e8 adatto a tutti i bambini di et\u00e0 superiore ai tre anni.<\/li>&#13;\n\r\n\r\n&#13;\n<li>Il dentifricio Theodent kids nutre lo smalto, supporta la naturale rimineralizzazione dei denti e ha un effetto positivo sulle fasi iniziali dello sviluppo della carie.<\/li>&#13;\n\r\n\r\n&#13;\n<li>Il dentifricio Theodent kids ha un dolce sapore di cioccolato con cui i golosi adoreranno pulirsi i denti e usarlo ogni giorno.<\/li>&#13;\n<\/ul>\r\n&#13;\n<p><strong>Come lavarsi i denti?<\/strong><\/p>&#13;\n&#13;\n<p>La corretta tecnica di spazzolamento dei denti \u00e8 essenziale per mantenere la salute delle gengive e dei denti. Spazzola le superfici interne, esterne e masticatorie dei denti con lo spazzolino due volte al giorno per almeno due minuti. Inclina lo spazzolino con un angolo di 45\u00b0 in modo che le setole raggiungano la linea gengivale. Per pulire i denti con il dentifricio Theodent, ti consigliamo di sputare la schiuma in eccesso e sciacquare la bocca dopo la prima spazzolatura. Successivamente, applica una piccola quantit\u00e0 di dentifricio Theodent sullo spazzolino e spazzola nuovamente i denti per almeno 30 secondi. Sputa la schiuma, ma non sciacquare, poich\u00e9 in questo modo si otterr\u00e0 un maggiore effetto di remineralizzazione.<\/p>&#13;\n&#13;\n<p><strong>Ingredienti:<\/strong> ACQUA, SILICE IDRATA, SORBITOLO, XILITOLO, GLICERINA, SODIO LAUROIL SARCOSINATO, GOMMA DI XANTANO, BIOSSIDO DI TITANIO, ACIDO CITRICO, OLIO DI FOGLIE DI MENTA VIRIDIS, BENZOATO DI SODIO, STEVIOSIDE, BICARBONATO DI SODIO, ESTRATTO DI VANILLA PLANIFOLIA, ACETATO DI CALCIO, FOSFATO DISODICO, TEOBROMINA, LIMONENE<\/p>&#13;\n&#13;\n<p>Ingrediente brevettato Rennau: teobromina, acetato di calcio, idrogeno fosfato di sodio<\/p>&#13;\n&#13;\n<p><strong>Confezione:<\/strong> 96,4 g<\/p>&#13;\n","protected":false},"excerpt":{"rendered":"<p><strong>Theodent Kids, dentifricio per bambini senza fluoruro al gusto di cioccolato (96,4 g)<\/strong><\/p>\n<p>Migliora l&#8217;igiene orale personale dei membri pi\u00f9 giovani della tua famiglia con la formula brevettata Rennou con un valore adattato.<\/p>\n","protected":false},"featured_media":1515,"comment_status":"open","ping_status":"closed","template":"","meta":{"_acf_changed":false,"inline_featured_image":false},"product_brand":[],"product_cat":[105,157],"product_tag":[278],"class_list":{"0":"post-3434","1":"product","2":"type-product","3":"status-publish","4":"has-post-thumbnail","6":"product_cat-cura-dentale","7":"product_cat-theodent-it","8":"product_tag-senza-fluoruro","9":"post","10":"ws-product--style-1","12":"first","13":"instock","14":"featured","15":"taxable","16":"shipping-taxable","17":"purchasable","18":"product-type-simple"},"acf":[],"_links":{"self":[{"href":"https:\/\/proffshop.eu\/it\/wp-json\/wp\/v2\/product\/3434","targetHints":{"allow":["GET"]}}],"collection":[{"href":"https:\/\/proffshop.eu\/it\/wp-json\/wp\/v2\/product"}],"about":[{"href":"https:\/\/proffshop.eu\/it\/wp-json\/wp\/v2\/types\/product"}],"replies":[{"embeddable":true,"href":"https:\/\/proffshop.eu\/it\/wp-json\/wp\/v2\/comments?post=3434"}],"wp:featuredmedia":[{"embeddable":true,"href":"https:\/\/proffshop.eu\/it\/wp-json\/wp\/v2\/media\/1515"}],"wp:attachment":[{"href":"https:\/\/proffshop.eu\/it\/wp-json\/wp\/v2\/media?parent=3434"}],"wp:term":[{"taxonomy":"product_brand","embeddable":true,"href":"https:\/\/proffshop.eu\/it\/wp-json\/wp\/v2\/product_brand?post=3434"},{"taxonomy":"product_cat","embeddable":true,"href":"https:\/\/proffshop.eu\/it\/wp-json\/wp\/v2\/product_cat?post=3434"},{"taxonomy":"product_tag","embeddable":true,"href":"https:\/\/proffshop.eu\/it\/wp-json\/wp\/v2\/product_tag?post=3434"}],"curies":[{"name":"wp","href":"https:\/\/api.w.org\/{rel}","templated":true}]}}