{"id":3435,"date":"2025-08-12T17:53:32","date_gmt":"2025-08-12T17:53:32","guid":{"rendered":"https:\/\/proffshop.eu\/izdelek\/profumo-intimo-naturale-allolio-hishers\/"},"modified":"2026-01-13T15:18:19","modified_gmt":"2026-01-13T13:18:19","slug":"profumo-intimo-naturale-allolio-hishers","status":"publish","type":"product","link":"https:\/\/proffshop.eu\/it\/prodotto\/profumo-intimo-naturale-allolio-hishers\/","title":{"rendered":"Profumo intimo naturale all&#8217;olio &#8211; His&amp;Hers"},"content":{"rendered":"\n<p><strong>Istruzioni per l&#8217;uso <\/strong><\/p>\n\n<p>Agitare la bottiglia prima dell&#8217;uso. Versare alcune gocce di olio sui palmi puliti e massaggiare delicatamente sulla zona intima. Non risciacquare. A causa della specificit\u00e0 del profumo di muschio, attendere un po&#8217; di tempo affinch\u00e9 si diffonda sulla mucosa, quindi si otterr\u00e0 un profumo pi\u00f9 delicato.   <\/p>\n\n<p><strong>Ingredienti<\/strong><\/p>\n\n<p>Prunus Persica Kernel Oil, Hippophae Rhamnoides Fruit Oil, Aqua, Tocopherol, Glycerin, Citrus Grandis Seed Extract, Melaleuca Alternifolia Leaf Oil, Eugenia Caryophyllus Flower Oil, Cinnamomum Zeylanicum Bark Oil, Sodium Peach Kernelate, Eugenol, Cinnamal, d-Limonene, Linalool.<\/p>\n\n\n<div class=\"wp-block-kadence-column kadence-column_6ac73f-3b inner-column-3\"><div class=\"kt-inside-inner-col\">\n<figure class=\"wp-block-image size-full\"><img decoding=\"async\" src=\"https:\/\/www.proffshop.eu\/wp-content\/uploads\/2022\/04\/ikona-cimet.png\" alt=\"icona-cimet\" class=\"wp-image-285\"\/><\/figure>\n<\/div><\/div>\n\n\n\n<div class=\"wp-block-kadence-column kadence-column_8f9058-54 inner-column-4\"><div class=\"kt-inside-inner-col\">\n<figure class=\"wp-block-image size-full\"><img decoding=\"async\" src=\"https:\/\/www.proffshop.eu\/wp-content\/uploads\/2022\/04\/ikona-cajevec.png\" alt=\"icona-cajevec\" class=\"wp-image-280\"\/><\/figure>\n<\/div><\/div>\n\n\n\n<div class=\"wp-block-kadence-column kadence-column_5d6d3d-8b inner-column-3\"><div class=\"kt-inside-inner-col\">\n<figure class=\"wp-block-image size-full\"><img decoding=\"async\" src=\"https:\/\/www.proffshop.eu\/wp-content\/uploads\/2022\/04\/ikone-grenivkine-peske.png\" alt=\"ikone-grenivkine-peske\" class=\"wp-image-289\"\/><\/figure>\n<\/div><\/div>\n\n\n\n<div class=\"wp-block-kadence-column kadence-column_d5abae-4b inner-column-4\"><div class=\"kt-inside-inner-col\">\n<figure class=\"wp-block-image size-full\"><img decoding=\"async\" src=\"https:\/\/www.proffshop.eu\/wp-content\/uploads\/2022\/04\/olje-pesk-breskve.png\" alt=\"olje-pesk-breskve\" class=\"wp-image-292\"\/><\/figure>\n<\/div><\/div>\n\n\n<p><strong>CANNELLA<\/strong><\/p>\n\n<p>In cosmetica \u00e8 considerata un ingrediente prezioso grazie alle sue propriet\u00e0 antisettiche e antimicrobiche.<\/p>\n\n<p><strong>ALBERO DEL T\u00c8<\/strong><\/p>\n\n<p>Il primo a iniziare la ricerca scientifica sugli effetti dell&#8217;albero del t\u00e8 fu il dottor A. R. Penfold nel 1920. Scopr\u00ec che l&#8217;olio essenziale dell&#8217;albero del t\u00e8 era tredici volte pi\u00f9 potente del battericida antisettico fenolo, ampiamente utilizzato all&#8217;epoca. Pubblic\u00f2 i primi risultati della sua ricerca nel 1923 e in essi afferm\u00f2 che la pianta conteneva l&#8217;1,8% di olio essenziale, non tossico, non irritante e un potente antisettico. Gi\u00e0 in piccole concentrazioni ha fortissime propriet\u00e0 antibatteriche, antivirali e antimicotiche.   <\/p>\n\n<p><strong>SEMI DI POMPELMO<\/strong><\/p>\n\n<p>Nel 1980 furono scoperti dall&#8217;immunologo, fisico e giardiniere amatoriale americano Dr. Jacob Harrich. Osserv\u00f2 i semi di pompelmo che giacevano sul compost, ma non marcivano come il resto dei rifiuti biologici. Ci\u00f2 ha attirato il suo interesse e lo ha portato alla scoperta dei flavonoidi, che sono pi\u00f9 potenti ma meno dannosi di tutti gli antibiotici conosciuti fino ad ora. A differenza degli antibiotici, che uccidono solo i batteri, i flavonoidi combattono anche altri microrganismi come funghi e virus. Contengono vari composti polifenolici: flavonoidi come naringenina e derivati, esperidina, quercetina, ecc. Tutte queste sostanze sono potenti antiossidanti. Riducono efficacemente la permeabilit\u00e0 (permeabilit\u00e0) dei capillari, aumentano il flusso sanguigno, proteggono le cellule, catturano i radicali liberi, favoriscono l&#8217;escrezione e inibiscono la crescita di virus, batteri e funghi.      <\/p>\n\n<p><strong>OLIO DI SEMI DI PESCA<\/strong><\/p>\n\n<p>L&#8217;olio di nocciolo di pesca \u00e8 ricco di acidi grassi omega 3 e 6, che portano l&#8217;idratazione in profondit\u00e0 nella pelle e garantiscono un&#8217;idratazione duratura, che rende la pelle sana, morbida ed elastica. Gli acidi grassi omega agiscono con la barriera naturale della pelle, aiutandola a funzionare bene e migliorandone il tono e la compattezza generale. Riducono il rossore, proteggono la pelle e la aiutano a rigenerarsi.  <\/p>\n\n<p><strong>OLIO DI SPINACCI<\/strong><\/p>\n\n<p>L&#8217;olio dai semi o dalla polpa del frutto \u00e8 apprezzato per la cura della pelle secca, accelera la guarigione di ferite e tagli e lenisce la pelle irritata. L&#8217;olio dai frutti di olivello spinoso ha un effetto antinfiammatorio, antibatterico e protegge la nostra pelle dalle influenze ambientali. Viene utilizzato anche per curare le ustioni e per la cura post-operatoria (cura delle cicatrici).  <\/p>\n\n<p><strong>OLIO DI CHIODI DI GAROFANO<\/strong><\/p>\n\n<p>In uno studio del 2012, i ricercatori hanno scoperto che l&#8217;olio di chiodi di garofano ha la capacit\u00e0 di uccidere le cellule dei batteri stafilococchi in coltura liquida e in un biofilm. Un biofilm \u00e8 una comunit\u00e0 di batteri che vivono insieme, protetti da una pellicola protettiva e mucosa. La maggior parte degli antibiotici non sono efficaci nel penetrare nel biofilm e nell&#8217;uccidere i batteri stafilococchi, ma secondo questo studio l&#8217;olio di chiodi di garofano lo fa. Study Trusted Source ha studiato l&#8217;attivit\u00e0 antifungina di diversi oli essenziali. L&#8217;olio di chiodi di garofano \u00e8 stato il pi\u00f9 efficace tra gli oli testati nell&#8217;arrestare la crescita di una specie di fungo di origine ambientale. In una ricerca di Trusted Source del 2005, i ricercatori hanno studiato l&#8217;effetto dell&#8217;eugenolo, il componente principale dell&#8217;olio di chiodi di garofano, sul lievito Candida albicans. Questo lievito pu\u00f2 causare infezioni fungine come il piede d&#8217;atleta, il mughetto orale e le infezioni vaginali da lieviti. Secondo gli autori dello studio, l&#8217;eugenolo aveva la capacit\u00e0 di uccidere il lievito.       <\/p>\n\n<div class=\"wp-block-kadence-spacer aligncenter kt-block-spacer-_a00187-02\"><div class=\"kt-block-spacer kt-block-spacer-halign-center\"><\/div><\/div>\n\n\n","protected":false},"excerpt":{"rendered":"<p>Il profumo\/muschio \u00e8 una miscela botanica creata per la cura, la protezione, il comfort e la freschezza delle zone intime. Secondo gli esperti, il profumo intimo di Li Quandisa ha un effetto pi\u00f9 antisettico (antinfiammatorio) e neutralizza pi\u00f9 efficacemente gli odori sgradevoli, profumando al contempo naturalmente le nostre zone intime. Per riaccendere la passione e aumentare l&#8217;attrazione sessuale. L&#8217;uso \u00e8 consigliato sia per gli uomini che per le donne. Applicalo sulla tua zona intima dove desideri essere baciato. Il muschio \u00e8 anche considerato un potente afrodisiaco naturale che agisce su entrambi. Questa fragranza raffinata \u00e8 sinonimo di seduzione e provocazione dei sensi, poich\u00e9 risveglia il sistema ormonale.      <\/p>\n","protected":false},"featured_media":1543,"comment_status":"open","ping_status":"closed","template":"","meta":{"_acf_changed":false,"inline_featured_image":false},"product_brand":[],"product_cat":[260,261],"product_tag":[],"class_list":{"0":"post-3435","1":"product","2":"type-product","3":"status-publish","4":"has-post-thumbnail","6":"product_cat-cura-intima","7":"product_cat-li-quandisa-it","8":"post","9":"ws-product--style-1","11":"first","12":"instock","13":"taxable","14":"shipping-taxable","15":"purchasable","16":"product-type-simple"},"acf":[],"_links":{"self":[{"href":"https:\/\/proffshop.eu\/it\/wp-json\/wp\/v2\/product\/3435","targetHints":{"allow":["GET"]}}],"collection":[{"href":"https:\/\/proffshop.eu\/it\/wp-json\/wp\/v2\/product"}],"about":[{"href":"https:\/\/proffshop.eu\/it\/wp-json\/wp\/v2\/types\/product"}],"replies":[{"embeddable":true,"href":"https:\/\/proffshop.eu\/it\/wp-json\/wp\/v2\/comments?post=3435"}],"wp:featuredmedia":[{"embeddable":true,"href":"https:\/\/proffshop.eu\/it\/wp-json\/wp\/v2\/media\/1543"}],"wp:attachment":[{"href":"https:\/\/proffshop.eu\/it\/wp-json\/wp\/v2\/media?parent=3435"}],"wp:term":[{"taxonomy":"product_brand","embeddable":true,"href":"https:\/\/proffshop.eu\/it\/wp-json\/wp\/v2\/product_brand?post=3435"},{"taxonomy":"product_cat","embeddable":true,"href":"https:\/\/proffshop.eu\/it\/wp-json\/wp\/v2\/product_cat?post=3435"},{"taxonomy":"product_tag","embeddable":true,"href":"https:\/\/proffshop.eu\/it\/wp-json\/wp\/v2\/product_tag?post=3435"}],"curies":[{"name":"wp","href":"https:\/\/api.w.org\/{rel}","templated":true}]}}