{"id":3440,"date":"2025-08-12T17:53:32","date_gmt":"2025-08-12T15:53:32","guid":{"rendered":"https:\/\/proffshop.eu\/izdelek\/cubetto-profumato-divino-ambra-e-muschio\/"},"modified":"2025-08-27T17:56:46","modified_gmt":"2025-08-27T15:56:46","slug":"cubetto-profumato-divino-ambra-e-muschio","status":"publish","type":"product","link":"https:\/\/proffshop.eu\/it\/prodotto\/cubetto-profumato-divino-ambra-e-muschio\/","title":{"rendered":"Cubetto profumato divino ambra e muschio"},"content":{"rendered":"\n<p><strong>Istruzioni per l&#8217;uso<\/strong> <\/p>\n\n<p>L&#8217;ambra pu\u00f2 essere utilizzata in vari modi come: profumo per la tua pelle, deodorante, profumo per la tua casa, profumo per la tua biancheria, profumo in un bruciatore per aromaterapia, profumo per auto (lontano dal sole). Quando l&#8217;odore diminuisce dopo un certo periodo di tempo, raschiare gli strati superiori del cubo, questo rilascer\u00e0 un nuovo strato profumato. I trucioli che si staccano da questo possono essere messi nell&#8217;aspirapolvere. ATTENZIONE: Si prega di non mangiare, non \u00e8 un prodotto alimentare!   <\/p>\n\n<p><strong>Ingredienti<\/strong><\/p>\n\n<p>Musk Ambrette, Musk Xylol, Vanaline, Polvere di rosa <\/p>\n\n<p><strong>Origine:<\/strong> Marocco<\/p>\n","protected":false},"excerpt":{"rendered":"<p>I blocchi di resina d&#8217;ambra marocchina sono realizzati secondo un&#8217;antica ricetta tradizionale e sono composti da estratti vegetali. Profumo naturale grezzo autoctono. Questa resina d&#8217;ambra naturale ha un profumo divino e pu\u00f2 essere utilizzata come profumo o fragranza per ambienti. Pu\u00f2 essere strofinata sulla pelle come profumo, conservata in un armadio o cosparsa nei cassetti come profumo naturale. \u00c8 dimostrato che questo profumo rilassante aiuta con l&#8217;ansia e viene utilizzato anche in aromaterapia per il rilassamento. L&#8217;ambra \u00e8 anche associata all&#8217;equilibrio emotivo, alla radicazione, alla purificazione, alla felicit\u00e0 e all&#8217;amore. L&#8217;aggiunta di muschio \u00e8 anche considerata un potente afrodisiaco naturale che agisce su entrambi. Questa fragranza raffinata \u00e8 sinonimo di seduzione e provocazione dei sensi, poich\u00e9 risveglia il sistema ormonale. L&#8217;ambra pu\u00f2 essere utilizzata in vari modi come: profumo per la tua pelle, deodorante, profumo per la tua casa, profumo per la tua biancheria, profumo in un bruciatore per aromaterapia, profumo per auto (lontano dal sole).        <\/p>\n","protected":false},"featured_media":1631,"comment_status":"open","ping_status":"closed","template":"","meta":{"_acf_changed":false,"inline_featured_image":false},"product_brand":[],"product_cat":[260,261],"product_tag":[],"class_list":{"0":"post-3440","1":"product","2":"type-product","3":"status-publish","4":"has-post-thumbnail","6":"product_cat-cura-intima","7":"product_cat-li-quandisa-it","8":"post","9":"ws-product--style-1","11":"first","12":"instock","13":"taxable","14":"shipping-taxable","15":"purchasable","16":"product-type-simple"},"acf":[],"_links":{"self":[{"href":"https:\/\/proffshop.eu\/it\/wp-json\/wp\/v2\/product\/3440","targetHints":{"allow":["GET"]}}],"collection":[{"href":"https:\/\/proffshop.eu\/it\/wp-json\/wp\/v2\/product"}],"about":[{"href":"https:\/\/proffshop.eu\/it\/wp-json\/wp\/v2\/types\/product"}],"replies":[{"embeddable":true,"href":"https:\/\/proffshop.eu\/it\/wp-json\/wp\/v2\/comments?post=3440"}],"wp:featuredmedia":[{"embeddable":true,"href":"https:\/\/proffshop.eu\/it\/wp-json\/wp\/v2\/media\/1631"}],"wp:attachment":[{"href":"https:\/\/proffshop.eu\/it\/wp-json\/wp\/v2\/media?parent=3440"}],"wp:term":[{"taxonomy":"product_brand","embeddable":true,"href":"https:\/\/proffshop.eu\/it\/wp-json\/wp\/v2\/product_brand?post=3440"},{"taxonomy":"product_cat","embeddable":true,"href":"https:\/\/proffshop.eu\/it\/wp-json\/wp\/v2\/product_cat?post=3440"},{"taxonomy":"product_tag","embeddable":true,"href":"https:\/\/proffshop.eu\/it\/wp-json\/wp\/v2\/product_tag?post=3440"}],"curies":[{"name":"wp","href":"https:\/\/api.w.org\/{rel}","templated":true}]}}