{"id":4694,"date":"2025-10-17T10:40:36","date_gmt":"2025-10-17T08:40:36","guid":{"rendered":"https:\/\/proffshop.eu\/izdelek\/tattoo-care-summer-set\/"},"modified":"2025-10-17T10:40:36","modified_gmt":"2025-10-17T08:40:36","slug":"tattoo-care-summer-set","status":"publish","type":"product","link":"https:\/\/proffshop.eu\/it\/prodotto\/tattoo-care-summer-set\/","title":{"rendered":"Tattoo Care Summer Set"},"content":{"rendered":"<p><strong>\u2728 Trio estivo<\/strong><strong> a un prezzo pi<\/strong><strong>\u00f9 vantaggioso!<\/strong><\/p>\n<p><strong> <\/strong><\/p>\n<p>L&#8217;estate \u00e8 il momento in cui il tuo tatuaggio ha bisogno di ancora pi\u00f9 attenzione: i raggi UV, il sale, il vento e il calore possono sbiadire rapidamente i colori e la pelle pu\u00f2 diventare secca e sensibile. Per questo abbiamo creato il Tattoo Care Summer Set, che offre al tuo tatuaggio la cura e la protezione perfette, a casa e in viaggio. <\/p>\n<p>&nbsp;<\/p>\n<p>Nel set ricevi:<\/p>\n<p>&nbsp;<\/p>\n<p><strong>\u2600\ufe0f Tattoo Care Sun Protection SPF 30+ (80 g)<br \/>\n<\/strong>Protezione molto alta dai raggi UVA e UVB, sviluppata appositamente per la pelle tatuata. Una formula che previene lo sbiadimento dei colori, non lascia tracce bianche e allo stesso tempo nutre la pelle in profondit\u00e0. <\/p>\n<p><strong>\u2744\ufe0f Soothing Gel<br \/>\n<\/strong>Gel leggero e rinfrescante che lenisce la pelle irritata dopo l&#8217;esposizione al sole o la realizzazione di un tatuaggio. Contiene ingredienti lenitivi e idratanti come il pantenolo e l&#8217;acido ialuronico: un must in ogni borsa estiva. <\/p>\n<p><strong>\u2728 Ink Glow Serum (Roll-On)<\/strong><\/p>\n<p>Un&#8217;innovazione assoluta nella cura dei tatuaggi, come non l&#8217;hai mai provata. Il primo siero roll-on per una brillantezza sana dei tatuaggi: una novit\u00e0 assoluta nel mondo della cura della pelle, che ravviva e rinfresca istantaneamente il tuo tatuaggio. Il siero fornisce nutrimento profondo, morbidezza setosa e una lucentezza tropicale. Senza mani unte. Senza disordine. Un profumo tropicale indimenticabile che far\u00e0 girare tutta la spiaggia.     <\/p>\n<p>&nbsp;<\/p>\n<p><strong>\ud83c\udf3f Perch\u00e9 scegliere il SUMMER SET?<\/strong><\/p>\n<p><strong>\u2714\ufe0f Protegge ed esalta i colori del tuo tatuaggio<br \/>\n<\/strong><strong>\u2714\ufe0f Una routine estiva completa in un unico pacchetto<br \/>\n<\/strong><strong>\u2714\ufe0f Tutti i prodotti sono adatti per la pelle sensibile<br \/>\n<\/strong><strong>\u2714\ufe0f Pratici per viaggi e vacanze<br \/>\n<\/strong><strong>\u2714\ufe0f Prezzo pi\u00f9 vantaggioso rispetto all&#8217;acquisto singolo<br \/>\n<\/strong><strong>\u2714\ufe0f Raccomandato da tatuatori e utenti in tutta Europa<br \/>\n<\/strong><strong>\u2714\ufe0f Prodotto in Slovenia, con particolare attenzione alla qualit\u00e0 e alle formulazioni pure<\/strong><\/p>\n<p><strong> <\/strong><\/p>\n<p><strong>\ud83c\udf81 Fai risplendere il tuo tatuaggio in tutta la sua bellezza quest&#8217;estate, con prodotti accuratamente selezionati che lo proteggeranno, lo nutriranno e lo metteranno in risalto.<\/strong><\/p>\n","protected":false},"excerpt":{"rendered":"<p>Tutto ci\u00f2 di cui il tuo tatuaggio ha bisogno quest&#8217;estate: protezione, cura e brillantezza<\/p>\n","protected":false},"featured_media":4546,"comment_status":"open","ping_status":"closed","template":"","meta":{"_acf_changed":false,"inline_featured_image":false},"product_brand":[],"product_cat":[192,137,194],"product_tag":[],"class_list":{"0":"post-4694","1":"product","2":"type-product","3":"status-publish","4":"has-post-thumbnail","6":"product_cat-cura-dei-tatuaggi","7":"product_cat-marchi","8":"product_cat-tattoo-care-it","9":"post","10":"ws-product--style-1","12":"first","13":"outofstock","14":"taxable","15":"shipping-taxable","16":"purchasable","17":"product-type-simple"},"acf":[],"_links":{"self":[{"href":"https:\/\/proffshop.eu\/it\/wp-json\/wp\/v2\/product\/4694","targetHints":{"allow":["GET"]}}],"collection":[{"href":"https:\/\/proffshop.eu\/it\/wp-json\/wp\/v2\/product"}],"about":[{"href":"https:\/\/proffshop.eu\/it\/wp-json\/wp\/v2\/types\/product"}],"replies":[{"embeddable":true,"href":"https:\/\/proffshop.eu\/it\/wp-json\/wp\/v2\/comments?post=4694"}],"wp:featuredmedia":[{"embeddable":true,"href":"https:\/\/proffshop.eu\/it\/wp-json\/wp\/v2\/media\/4546"}],"wp:attachment":[{"href":"https:\/\/proffshop.eu\/it\/wp-json\/wp\/v2\/media?parent=4694"}],"wp:term":[{"taxonomy":"product_brand","embeddable":true,"href":"https:\/\/proffshop.eu\/it\/wp-json\/wp\/v2\/product_brand?post=4694"},{"taxonomy":"product_cat","embeddable":true,"href":"https:\/\/proffshop.eu\/it\/wp-json\/wp\/v2\/product_cat?post=4694"},{"taxonomy":"product_tag","embeddable":true,"href":"https:\/\/proffshop.eu\/it\/wp-json\/wp\/v2\/product_tag?post=4694"}],"curies":[{"name":"wp","href":"https:\/\/api.w.org\/{rel}","templated":true}]}}